{"id":83275,"date":"2026-03-18T09:42:57","date_gmt":"2026-03-18T08:42:57","guid":{"rendered":"https:\/\/www.chemin-neuf.org\/?page_id=83275"},"modified":"2026-03-23T11:00:41","modified_gmt":"2026-03-23T10:00:41","slug":"simpliquer","status":"publish","type":"page","link":"https:\/\/sanlo-project.chemin-neuf.org\/fr\/simpliquer\/","title":{"rendered":"S&rsquo;impliquer"},"content":{"rendered":"\n<div class=\"wp-block-buttons alignwide is-content-justification-center is-layout-flex wp-container-core-buttons-is-layout-16018d1d wp-block-buttons-is-layout-flex\">\n<div class=\"wp-block-button\"><a class=\"wp-block-button__link has-black-color has-dark-gray-background-color has-text-color has-background has-link-color wp-element-button\" href=\"https:\/\/sanlo-project.chemin-neuf.org\/sanlo-village\/\">Revenir \u00e0 la page d&rsquo;accueil<\/a><\/div>\n<\/div>\n\n\n\n<h3 class=\"wp-block-heading\">A SanLo, nous construisons un avenir plus s\u00fbr et plus porteur d&rsquo;espoir pour les enfants et jeunes adultes vuln\u00e9rables. En tant qu&rsquo;entrepreneur ou entreprise, vous pouvez devenir un partenaire cl\u00e9.<\/h3>\n\n\n\n<div style=\"height:30px\" aria-hidden=\"true\" class=\"wp-block-spacer\"><\/div>\n\n\n\n<h3 class=\"wp-block-heading has-text-align-center\"><strong>Soutenez nos quatre piliers<\/strong><\/h3>\n\n\n\n<p><strong>Centre d&rsquo;insertion professionnelle \u2013 <\/strong><em><strong>faciliter l&rsquo;acc\u00e8s \u00e0 l&#8217;emploi pour les jeune<\/strong>s<\/em><\/p>\n\n\n\n<ul class=\"wp-block-list\">\n<li>B\u00e9n\u00e9volat de comp\u00e9tences : contribuer \u00e0 l&rsquo;animation d&rsquo;ateliers professionnels, de sessions de formation et \u00e0 la pr\u00e9paration aux entretiens d&#8217;embauche.<\/li>\n\n\n\n<li>Fournir du mat\u00e9riel de bureau : ordinateurs, imprimante, fournitures de bureau.<\/li>\n\n\n\n<li>Proposer une d\u00e9couverte du monde professionnel : visites d\u2019entreprises, mini-stages, offres d\u2019emploi.<\/li>\n<\/ul>\n\n\n\n<p><strong>Centre social \u2013 <em>faciliter l\u2019acc\u00e8s \u00e0 l\u2019\u00e9ducation pour les enfants des rues<\/em><\/strong><\/p>\n\n\n\n<ul class=\"wp-block-list\">\n<li>\u00c9v\u00e9nement de b\u00e9n\u00e9volat pour les employ\u00e9s : offrir \u00e0 vos employ\u00e9s la possibilit\u00e9 de participer \u00e0 des activit\u00e9s b\u00e9n\u00e9voles d\u2019une journ\u00e9e avec les enfants.<\/li>\n\n\n\n<li>Fournir du mat\u00e9riel \u00e9ducatif : fournitures scolaires, jeux, ordinateurs, tables et chaises, etc.<\/li>\n\n\n\n<li>Fournir des produits d\u2019hygi\u00e8ne et alimentaires : savon, couches, d\u00e9sinfectant, lait, collations.<\/li>\n<\/ul>\n\n\n\n<p><strong>Centre de sant\u00e9 \u2013 <em>faciliter l\u2019acc\u00e8s aux soins de sant\u00e9<\/em><\/strong><\/p>\n\n\n\n<ul class=\"wp-block-list\">\n<li>B\u00e9n\u00e9volat de comp\u00e9tences : aidez-nous \u00e0 naviguer dans la complexit\u00e9 de l\u2019\u00e9cosyst\u00e8me des soins de sant\u00e9 publics et priv\u00e9s ; orientez-nous vers les programmes de pr\u00e9vention sanitaire existants (nutrition, grossesse chez les adolescentes, hygi\u00e8ne menstruelle, etc.) ; aidez-nous \u00e0 entrer en contact avec les personnes comp\u00e9tentes<\/li>\n\n\n\n<li>Fournissez des produits de soins et du mat\u00e9riel m\u00e9dical de base : parac\u00e9tamol, AINS, antibiotiques, vaccins, moyens de contraception, kits de suture, bandages, produits d&rsquo;hygi\u00e8ne, table d&rsquo;examen, etc. B\u00e9n\u00e9volat de comp\u00e9tences : contribuez \u00e0 notre mission de soins de sant\u00e9 par le biais de consultations m\u00e9dicales, de soins infirmiers, d&rsquo;assistance dentaire et de kin\u00e9sith\u00e9rapie.<\/li>\n<\/ul>\n\n\n\n<p><strong>Installations SanLo \u2013 <em>offrir un logement s\u00fbr \u00e0 tous<\/em><\/strong><\/p>\n\n\n\n<ul class=\"wp-block-list\">\n<li>\u00c9v\u00e9nement de b\u00e9n\u00e9volat pour les employ\u00e9s : donnez \u00e0 vos employ\u00e9s l&rsquo;occasion de contribuer \u00e0 une mission sociale avec d&rsquo;autres personnes par le biais d&rsquo;activit\u00e9s manuelles (peinture, construction de murs, etc.)<\/li>\n\n\n\n<li>Fournir du mobilier pour les dortoirs : literie, \u00e9quipement de cuisine, bureaux.<\/li>\n\n\n\n<li>Fournir des mat\u00e9riaux de construction : peinture, cloisons, outils de construction, etc.<\/li>\n\n\n\n<li>B\u00e9n\u00e9volat dans le domaine de la construction (ma\u00e7onnerie, \u00e9lectricit\u00e9, plomberie, architecture).<\/li>\n<\/ul>\n\n\n\n<p><strong>Devenez partenaire d\u00e8s aujourd&rsquo;hui<\/strong><\/p>\n\n\n\n<p class=\"has-text-align-center\"><strong>Contactez-nous maintenant pour lancer une collaboration sur mesure !<\/strong><\/p>\n\n\n\n<p class=\"has-text-align-center\">Contact<br><strong>P\u00e8re Stephan Lange \u2013 Directeur de Projet<\/strong>, pr\u00eatre de l\u2019Institut du Chemin Neuf et responsable de la Communaut\u00e9 du Chemin Neuf aux Philippines.<br>Email : &nbsp;<a href=\"mailto:stephan.lange@chemin-neuf.org\">stephan.lange@chemin-neuf.org<\/a><br>T\u00e9l\u00e9phone&nbsp;: 0917 309 55 39 \/ WhatsApp : +33 7 66 21 87 27<br>Adresse : 2486 Legarda St. Sampoloc 1008 ManilaMerci par avance de votre don.<\/p>\n\n\n\n<div class=\"wp-block-buttons is-content-justification-center is-layout-flex wp-container-core-buttons-is-layout-e1485a7b wp-block-buttons-is-layout-flex\">\n<div class=\"wp-block-button\"><a class=\"wp-block-button__link has-black-color has-dark-gray-background-color has-text-color has-background has-link-color wp-element-button\" href=\"https:\/\/sanlo-project.chemin-neuf.org\/sanlo-village\/\">Revenir \u00e0 la page d&rsquo;accueil<\/a><\/div>\n<\/div>\n\n\n\n<div style=\"height:30px\" aria-hidden=\"true\" class=\"wp-block-spacer\"><\/div>\n","protected":false},"excerpt":{"rendered":"<p>A SanLo, nous construisons un avenir plus s\u00fbr et plus porteur d&rsquo;espoir pour les enfants et jeunes adultes vuln\u00e9rables. En tant qu&rsquo;entrepreneur ou entreprise, vous pouvez devenir un partenaire cl\u00e9. Soutenez nos quatre piliers Centre d&rsquo;insertion professionnelle \u2013 faciliter l&rsquo;acc\u00e8s \u00e0 l&#8217;emploi pour les jeunes Centre social \u2013 faciliter l\u2019acc\u00e8s \u00e0 l\u2019\u00e9ducation pour les enfants [&hellip;]<\/p>\n","protected":false},"author":12,"featured_media":83280,"parent":0,"menu_order":1,"comment_status":"closed","ping_status":"closed","template":"","meta":{"_acf_changed":false,"footnotes":""},"class_list":["post-83275","page","type-page","status-publish","has-post-thumbnail","hentry"],"acf":[],"yoast_head":"<!-- This site is optimized with the Yoast SEO plugin v27.5 - https:\/\/yoast.com\/product\/yoast-seo-wordpress\/ -->\n<title>S&#039;impliquer - Projet Sanlo aux Philippines<\/title>\n<meta name=\"description\" content=\"Revenir \u00e0 la page d&#039;accueil A SanLo, nous construisons un avenir plus s\u00fbr et plus porteur d&#039;espoir pour les enfants et jeunes adultes vuln\u00e9rables. En tant\" \/>\n<meta name=\"robots\" content=\"index, follow, max-snippet:-1, max-image-preview:large, max-video-preview:-1\" \/>\n<link rel=\"canonical\" href=\"https:\/\/sanlo-project.chemin-neuf.org\/fr\/simpliquer\/\" \/>\n<meta property=\"og:locale\" content=\"fr_FR\" \/>\n<meta property=\"og:type\" content=\"article\" \/>\n<meta property=\"og:title\" content=\"S&#039;impliquer - Projet Sanlo aux Philippines\" \/>\n<meta property=\"og:description\" content=\"Revenir \u00e0 la page d&#039;accueil A SanLo, nous construisons un avenir plus s\u00fbr et plus porteur d&#039;espoir pour les enfants et jeunes adultes vuln\u00e9rables. En tant\" \/>\n<meta property=\"og:url\" content=\"https:\/\/sanlo-project.chemin-neuf.org\/fr\/simpliquer\/\" \/>\n<meta property=\"og:site_name\" content=\"Projet Sanlo aux Philippines\" \/>\n<meta property=\"article:modified_time\" content=\"2026-03-23T10:00:41+00:00\" \/>\n<meta property=\"og:image\" content=\"https:\/\/sanlo-project.chemin-neuf.org\/wp-content\/uploads\/2026\/03\/Image-daccueil-de-la-page-GET-INVOLVED-scaled.jpeg\" \/>\n\t<meta property=\"og:image:width\" content=\"2560\" \/>\n\t<meta property=\"og:image:height\" content=\"1920\" \/>\n\t<meta property=\"og:image:type\" content=\"image\/jpeg\" \/>\n<meta name=\"twitter:card\" content=\"summary_large_image\" \/>\n<meta name=\"twitter:label1\" content=\"Dur\u00e9e de lecture est.\" \/>\n\t<meta name=\"twitter:data1\" content=\"3 minutes\" \/>\n<script type=\"application\/ld+json\" class=\"yoast-schema-graph\">{\"@context\":\"https:\\\/\\\/schema.org\",\"@graph\":[{\"@type\":\"WebPage\",\"@id\":\"https:\\\/\\\/sanlo-project.chemin-neuf.org\\\/fr\\\/simpliquer\\\/\",\"url\":\"https:\\\/\\\/sanlo-project.chemin-neuf.org\\\/fr\\\/simpliquer\\\/\",\"name\":\"S'impliquer - Projet Sanlo aux Philippines\",\"isPartOf\":{\"@id\":\"https:\\\/\\\/sanlo-project.chemin-neuf.org\\\/fr\\\/#website\"},\"primaryImageOfPage\":{\"@id\":\"https:\\\/\\\/sanlo-project.chemin-neuf.org\\\/fr\\\/simpliquer\\\/#primaryimage\"},\"image\":{\"@id\":\"https:\\\/\\\/sanlo-project.chemin-neuf.org\\\/fr\\\/simpliquer\\\/#primaryimage\"},\"thumbnailUrl\":\"https:\\\/\\\/sanlo-project.chemin-neuf.org\\\/wp-content\\\/uploads\\\/2026\\\/03\\\/Image-daccueil-de-la-page-GET-INVOLVED-scaled.jpeg\",\"datePublished\":\"2026-03-18T08:42:57+00:00\",\"dateModified\":\"2026-03-23T10:00:41+00:00\",\"description\":\"Revenir \u00e0 la page d'accueil A SanLo, nous construisons un avenir plus s\u00fbr et plus porteur d'espoir pour les enfants et jeunes adultes vuln\u00e9rables. En tant\",\"breadcrumb\":{\"@id\":\"https:\\\/\\\/sanlo-project.chemin-neuf.org\\\/fr\\\/simpliquer\\\/#breadcrumb\"},\"inLanguage\":\"fr-BE\",\"potentialAction\":[{\"@type\":\"ReadAction\",\"target\":[\"https:\\\/\\\/sanlo-project.chemin-neuf.org\\\/fr\\\/simpliquer\\\/\"]}]},{\"@type\":\"ImageObject\",\"inLanguage\":\"fr-BE\",\"@id\":\"https:\\\/\\\/sanlo-project.chemin-neuf.org\\\/fr\\\/simpliquer\\\/#primaryimage\",\"url\":\"https:\\\/\\\/sanlo-project.chemin-neuf.org\\\/wp-content\\\/uploads\\\/2026\\\/03\\\/Image-daccueil-de-la-page-GET-INVOLVED-scaled.jpeg\",\"contentUrl\":\"https:\\\/\\\/sanlo-project.chemin-neuf.org\\\/wp-content\\\/uploads\\\/2026\\\/03\\\/Image-daccueil-de-la-page-GET-INVOLVED-scaled.jpeg\",\"width\":2560,\"height\":1920},{\"@type\":\"BreadcrumbList\",\"@id\":\"https:\\\/\\\/sanlo-project.chemin-neuf.org\\\/fr\\\/simpliquer\\\/#breadcrumb\",\"itemListElement\":[{\"@type\":\"ListItem\",\"position\":1,\"name\":\"Home\",\"item\":\"https:\\\/\\\/sanlo-project.chemin-neuf.org\\\/fr\\\/\"},{\"@type\":\"ListItem\",\"position\":2,\"name\":\"S&rsquo;impliquer\"}]},{\"@type\":\"WebSite\",\"@id\":\"https:\\\/\\\/sanlo-project.chemin-neuf.org\\\/fr\\\/#website\",\"url\":\"https:\\\/\\\/sanlo-project.chemin-neuf.org\\\/fr\\\/\",\"name\":\"Projet Sanlo aux Philippines\",\"description\":\"Projet Sanlo aux Philippines avec la Communaut\u00e9 du Chemin Neuf\",\"potentialAction\":[{\"@type\":\"SearchAction\",\"target\":{\"@type\":\"EntryPoint\",\"urlTemplate\":\"https:\\\/\\\/sanlo-project.chemin-neuf.org\\\/fr\\\/?s={search_term_string}\"},\"query-input\":{\"@type\":\"PropertyValueSpecification\",\"valueRequired\":true,\"valueName\":\"search_term_string\"}}],\"inLanguage\":\"fr-BE\"}]}<\/script>\n<!-- \/ Yoast SEO plugin. -->","yoast_head_json":{"title":"S'impliquer - Projet Sanlo aux Philippines","description":"Revenir \u00e0 la page d'accueil A SanLo, nous construisons un avenir plus s\u00fbr et plus porteur d'espoir pour les enfants et jeunes adultes vuln\u00e9rables. En tant","robots":{"index":"index","follow":"follow","max-snippet":"max-snippet:-1","max-image-preview":"max-image-preview:large","max-video-preview":"max-video-preview:-1"},"canonical":"https:\/\/sanlo-project.chemin-neuf.org\/fr\/simpliquer\/","og_locale":"fr_FR","og_type":"article","og_title":"S'impliquer - Projet Sanlo aux Philippines","og_description":"Revenir \u00e0 la page d'accueil A SanLo, nous construisons un avenir plus s\u00fbr et plus porteur d'espoir pour les enfants et jeunes adultes vuln\u00e9rables. En tant","og_url":"https:\/\/sanlo-project.chemin-neuf.org\/fr\/simpliquer\/","og_site_name":"Projet Sanlo aux Philippines","article_modified_time":"2026-03-23T10:00:41+00:00","og_image":[{"width":2560,"height":1920,"url":"https:\/\/sanlo-project.chemin-neuf.org\/wp-content\/uploads\/2026\/03\/Image-daccueil-de-la-page-GET-INVOLVED-scaled.jpeg","type":"image\/jpeg"}],"twitter_card":"summary_large_image","twitter_misc":{"Dur\u00e9e de lecture est.":"3 minutes"},"schema":{"@context":"https:\/\/schema.org","@graph":[{"@type":"WebPage","@id":"https:\/\/sanlo-project.chemin-neuf.org\/fr\/simpliquer\/","url":"https:\/\/sanlo-project.chemin-neuf.org\/fr\/simpliquer\/","name":"S'impliquer - Projet Sanlo aux Philippines","isPartOf":{"@id":"https:\/\/sanlo-project.chemin-neuf.org\/fr\/#website"},"primaryImageOfPage":{"@id":"https:\/\/sanlo-project.chemin-neuf.org\/fr\/simpliquer\/#primaryimage"},"image":{"@id":"https:\/\/sanlo-project.chemin-neuf.org\/fr\/simpliquer\/#primaryimage"},"thumbnailUrl":"https:\/\/sanlo-project.chemin-neuf.org\/wp-content\/uploads\/2026\/03\/Image-daccueil-de-la-page-GET-INVOLVED-scaled.jpeg","datePublished":"2026-03-18T08:42:57+00:00","dateModified":"2026-03-23T10:00:41+00:00","description":"Revenir \u00e0 la page d'accueil A SanLo, nous construisons un avenir plus s\u00fbr et plus porteur d'espoir pour les enfants et jeunes adultes vuln\u00e9rables. En tant","breadcrumb":{"@id":"https:\/\/sanlo-project.chemin-neuf.org\/fr\/simpliquer\/#breadcrumb"},"inLanguage":"fr-BE","potentialAction":[{"@type":"ReadAction","target":["https:\/\/sanlo-project.chemin-neuf.org\/fr\/simpliquer\/"]}]},{"@type":"ImageObject","inLanguage":"fr-BE","@id":"https:\/\/sanlo-project.chemin-neuf.org\/fr\/simpliquer\/#primaryimage","url":"https:\/\/sanlo-project.chemin-neuf.org\/wp-content\/uploads\/2026\/03\/Image-daccueil-de-la-page-GET-INVOLVED-scaled.jpeg","contentUrl":"https:\/\/sanlo-project.chemin-neuf.org\/wp-content\/uploads\/2026\/03\/Image-daccueil-de-la-page-GET-INVOLVED-scaled.jpeg","width":2560,"height":1920},{"@type":"BreadcrumbList","@id":"https:\/\/sanlo-project.chemin-neuf.org\/fr\/simpliquer\/#breadcrumb","itemListElement":[{"@type":"ListItem","position":1,"name":"Home","item":"https:\/\/sanlo-project.chemin-neuf.org\/fr\/"},{"@type":"ListItem","position":2,"name":"S&rsquo;impliquer"}]},{"@type":"WebSite","@id":"https:\/\/sanlo-project.chemin-neuf.org\/fr\/#website","url":"https:\/\/sanlo-project.chemin-neuf.org\/fr\/","name":"Projet Sanlo aux Philippines","description":"Projet Sanlo aux Philippines avec la Communaut\u00e9 du Chemin Neuf","potentialAction":[{"@type":"SearchAction","target":{"@type":"EntryPoint","urlTemplate":"https:\/\/sanlo-project.chemin-neuf.org\/fr\/?s={search_term_string}"},"query-input":{"@type":"PropertyValueSpecification","valueRequired":true,"valueName":"search_term_string"}}],"inLanguage":"fr-BE"}]}},"_links":{"self":[{"href":"https:\/\/sanlo-project.chemin-neuf.org\/fr\/wp-json\/wp\/v2\/pages\/83275","targetHints":{"allow":["GET"]}}],"collection":[{"href":"https:\/\/sanlo-project.chemin-neuf.org\/fr\/wp-json\/wp\/v2\/pages"}],"about":[{"href":"https:\/\/sanlo-project.chemin-neuf.org\/fr\/wp-json\/wp\/v2\/types\/page"}],"author":[{"embeddable":true,"href":"https:\/\/sanlo-project.chemin-neuf.org\/fr\/wp-json\/wp\/v2\/users\/12"}],"replies":[{"embeddable":true,"href":"https:\/\/sanlo-project.chemin-neuf.org\/fr\/wp-json\/wp\/v2\/comments?post=83275"}],"version-history":[{"count":4,"href":"https:\/\/sanlo-project.chemin-neuf.org\/fr\/wp-json\/wp\/v2\/pages\/83275\/revisions"}],"predecessor-version":[{"id":83597,"href":"https:\/\/sanlo-project.chemin-neuf.org\/fr\/wp-json\/wp\/v2\/pages\/83275\/revisions\/83597"}],"wp:featuredmedia":[{"embeddable":true,"href":"https:\/\/sanlo-project.chemin-neuf.org\/fr\/wp-json\/wp\/v2\/media\/83280"}],"wp:attachment":[{"href":"https:\/\/sanlo-project.chemin-neuf.org\/fr\/wp-json\/wp\/v2\/media?parent=83275"}],"curies":[{"name":"wp","href":"https:\/\/api.w.org\/{rel}","templated":true}]}}