{"id":82586,"date":"2026-03-07T10:34:03","date_gmt":"2026-03-07T09:34:03","guid":{"rendered":"https:\/\/www.chemin-neuf.org\/?page_id=82586"},"modified":"2026-03-18T10:13:06","modified_gmt":"2026-03-18T09:13:06","slug":"vision","status":"publish","type":"page","link":"https:\/\/sanlo-project.chemin-neuf.org\/fr\/vision\/","title":{"rendered":"LA VISION SAN LO VILLAGE"},"content":{"rendered":"\n<div style=\"height:15px\" aria-hidden=\"true\" class=\"wp-block-spacer\"><\/div>\n\n\n\n<div class=\"wp-block-columns is-layout-flex wp-container-core-columns-is-layout-9d6595d7 wp-block-columns-is-layout-flex\">\n<div class=\"wp-block-column is-vertically-aligned-center is-layout-flow wp-block-column-is-layout-flow\" style=\"padding-top:0;padding-right:var(--wp--preset--spacing--80);padding-bottom:0;padding-left:var(--wp--preset--spacing--80);flex-basis:1000px\">\n<div class=\"wp-block-buttons alignwide is-content-justification-center is-layout-flex wp-container-core-buttons-is-layout-16018d1d wp-block-buttons-is-layout-flex\">\n<div class=\"wp-block-button\"><a class=\"wp-block-button__link has-black-color has-gray-background-color has-text-color has-background has-link-color wp-element-button\" href=\"https:\/\/sanlo-project.chemin-neuf.org\/sanlo-village\/\">Revenir \u00e0 la page d&rsquo;accueil<\/a><\/div>\n<\/div>\n\n\n\n<div style=\"height:16px\" aria-hidden=\"true\" class=\"wp-block-spacer\"><\/div>\n\n\n\n<p class=\"has-text-align-center has-white-color has-orange-background-color has-text-color has-background has-link-color has-normal-font-size wp-elements-75ea4efbaef8d389267af01c36b694e8\"><strong>Un lieu joyeux, d&rsquo;entraide et de fraternit\u00e9, o\u00f9 chacun se sent accueilli, se forme et se donne<\/strong><\/p>\n\n\n\n<p class=\"has-text-align-center has-normal-font-size\">Nous voulons, au c\u0153ur de Manille, offrir un espace vert, paisible et s\u00e9curis\u00e9, o\u00f9 se rassemblent les habitants du quartier ;<\/p>\n\n\n\n<p class=\"has-text-align-center has-normal-font-size\">\u00e9tudiants, enfants des rues et leurs familles, volontaires, jeunes appel\u00e9s \u00e0 s&rsquo;engager dans la vie professionnelle.<\/p>\n\n\n\n<p class=\"has-text-align-center has-normal-font-size\">En donnant \u00e0 chacun une \u00e9ducation, un savoir, un avenir et surtout de l&rsquo;amour.<\/p>\n\n\n\n<p class=\"has-text-align-center has-normal-font-size\"><strong>Nous voulons \u00eatre le c\u0153ur du Christ qui bat jour et nuit pour tous, pour les jeunes et pour les plus pauvres et d\u00e9munis.<\/strong><\/p>\n\n\n\n<p class=\"has-text-align-center has-normal-font-size\">Nous voulons transformer le quartier pour transformer des vies !<\/p>\n\n\n\n<figure class=\"wp-block-image size-large\"><img loading=\"lazy\" decoding=\"async\" width=\"1024\" height=\"398\" src=\"https:\/\/sanlo-project.chemin-neuf.org\/wp-content\/uploads\/2026\/03\/Capture-decran-2026-03-07-a-10.33.14-1024x398.png\" alt=\"\" class=\"wp-image-82588\" srcset=\"https:\/\/sanlo-project.chemin-neuf.org\/wp-content\/uploads\/2026\/03\/Capture-decran-2026-03-07-a-10.33.14-1024x398.png 1024w, https:\/\/sanlo-project.chemin-neuf.org\/wp-content\/uploads\/2026\/03\/Capture-decran-2026-03-07-a-10.33.14-768x298.png 768w, https:\/\/sanlo-project.chemin-neuf.org\/wp-content\/uploads\/2026\/03\/Capture-decran-2026-03-07-a-10.33.14-1536x597.png 1536w, https:\/\/sanlo-project.chemin-neuf.org\/wp-content\/uploads\/2026\/03\/Capture-decran-2026-03-07-a-10.33.14-2048x795.png 2048w\" sizes=\"auto, (max-width: 1024px) 100vw, 1024px\" \/><\/figure>\n\n\n\n<div style=\"height:20px\" aria-hidden=\"true\" class=\"wp-block-spacer\"><\/div>\n\n\n\n<p class=\"has-text-align-center has-white-color has-orange-background-color has-text-color has-background has-link-color has-normal-font-size wp-elements-7b8d91d3e8bf3197ecd1779393b767a1\"><strong>Aujourd&rsquo;hui, trois dimensions missionnaires cohabitent et se soutiennent mutuellement \u00e0 SanLo<\/strong><\/p>\n\n\n\n<figure class=\"wp-block-image size-large\"><img loading=\"lazy\" decoding=\"async\" width=\"1024\" height=\"768\" src=\"https:\/\/sanlo-project.chemin-neuf.org\/wp-content\/uploads\/2026\/03\/LA-VISION-SAN-LO-VILLAGE-photo-secondaire-1024x768.jpeg\" alt=\"\" class=\"wp-image-83075\" srcset=\"https:\/\/sanlo-project.chemin-neuf.org\/wp-content\/uploads\/2026\/03\/LA-VISION-SAN-LO-VILLAGE-photo-secondaire-1024x768.jpeg 1024w, https:\/\/sanlo-project.chemin-neuf.org\/wp-content\/uploads\/2026\/03\/LA-VISION-SAN-LO-VILLAGE-photo-secondaire-768x576.jpeg 768w, https:\/\/sanlo-project.chemin-neuf.org\/wp-content\/uploads\/2026\/03\/LA-VISION-SAN-LO-VILLAGE-photo-secondaire-1536x1152.jpeg 1536w, https:\/\/sanlo-project.chemin-neuf.org\/wp-content\/uploads\/2026\/03\/LA-VISION-SAN-LO-VILLAGE-photo-secondaire.jpeg 1864w\" sizes=\"auto, (max-width: 1024px) 100vw, 1024px\" \/><\/figure>\n\n\n\n<ul class=\"wp-block-list\">\n<li class=\"has-normal-font-size\" style=\"line-height:1.8\"><strong>Un Foyer d&rsquo;\u00e9tudiants<\/strong> au c\u0153ur du quartier universitaire offrant un espace propice aux \u00e9tudes dans un climat de vie fraternelle, et un enracinement dans la vie spirituelle.<\/li>\n\n\n\n<li class=\"has-normal-font-size\" style=\"line-height:1.8\"><strong>Une Mission sociale <\/strong>pour accompagner les enfants d\u00e9favoris\u00e9s du quartier et leurs familles ; et pour accompagner l&rsquo;int\u00e9gration des jeunes dans la vie professionnelle.<\/li>\n\n\n\n<li class=\"has-normal-font-size\" style=\"line-height:1.8\"><strong>Une Pastorale des jeunes et des couples<\/strong> &#8211; ouverte sur l&rsquo;ext\u00e9rieur, permettant \u00e0 tous de trouver un espace de vie et\/ou une formation spirituelle au contact des fr\u00e8res et s\u0153urs de la Communaut\u00e9 du Chemin Neuf.<\/li>\n<\/ul>\n\n\n\n<div style=\"height:45px\" aria-hidden=\"true\" class=\"wp-block-spacer\"><\/div>\n<\/div>\n<\/div>\n\n\n\n<div class=\"wp-block-buttons is-content-justification-center is-layout-flex wp-container-core-buttons-is-layout-e1485a7b wp-block-buttons-is-layout-flex\">\n<div class=\"wp-block-button\"><a class=\"wp-block-button__link has-black-color has-gray-background-color has-text-color has-background has-link-color wp-element-button\" href=\"https:\/\/sanlo-project.chemin-neuf.org\/travaux\">Les travaux pr\u00e9vus<\/a><\/div>\n<\/div>\n\n\n\n<div style=\"height:24px\" aria-hidden=\"true\" class=\"wp-block-spacer\"><\/div>\n\n\n\n<div class=\"wp-block-columns is-layout-flex wp-container-core-columns-is-layout-9d6595d7 wp-block-columns-is-layout-flex\">\n<div class=\"wp-block-column is-layout-flow wp-block-column-is-layout-flow\">\n<div class=\"wp-block-buttons has-custom-font-size has-extra-large-font-size is-content-justification-center is-layout-flex wp-container-core-buttons-is-layout-01d21e53 wp-block-buttons-is-layout-flex\" style=\"padding-top:var(--wp--preset--spacing--70);padding-right:0;padding-bottom:var(--wp--preset--spacing--70);padding-left:0\">\n<div class=\"wp-block-button\"><a class=\"wp-block-button__link has-white-color has-orange-background-color has-text-color has-background has-link-color wp-element-button\" href=\"https:\/\/sanlo-project.chemin-neuf.org\/choix-don\/\" style=\"border-radius:50px;padding-top:var(--wp--preset--spacing--40);padding-right:var(--wp--preset--spacing--60);padding-bottom:var(--wp--preset--spacing--40);padding-left:var(--wp--preset--spacing--60)\" target=\"_blank\" rel=\"noreferrer noopener\">Faire un don<\/a><\/div>\n<\/div>\n<\/div>\n\n\n\n<div class=\"wp-block-column is-layout-flow wp-block-column-is-layout-flow\">\n<div class=\"wp-block-buttons has-custom-font-size has-extra-large-font-size is-content-justification-center is-layout-flex wp-container-core-buttons-is-layout-01d21e53 wp-block-buttons-is-layout-flex\" style=\"padding-top:var(--wp--preset--spacing--70);padding-right:0;padding-bottom:var(--wp--preset--spacing--70);padding-left:0\">\n<div class=\"wp-block-button\"><a class=\"wp-block-button__link has-white-color has-orange-background-color has-text-color has-background has-link-color wp-element-button\" href=\"https:\/\/sanlo-project.chemin-neuf.org\/simpliquer\" style=\"border-radius:50px;padding-top:var(--wp--preset--spacing--40);padding-right:var(--wp--preset--spacing--60);padding-bottom:var(--wp--preset--spacing--40);padding-left:var(--wp--preset--spacing--60)\" target=\"_blank\" rel=\"noreferrer noopener\">S&rsquo;impliquer<\/a><\/div>\n<\/div>\n<\/div>\n<\/div>\n\n\n\n<div style=\"height:30px\" aria-hidden=\"true\" class=\"wp-block-spacer\"><\/div>\n","protected":false},"excerpt":{"rendered":"<p>Un lieu joyeux, d&rsquo;entraide et de fraternit\u00e9, o\u00f9 chacun se sent accueilli, se forme et se donne Nous voulons, au c\u0153ur de Manille, offrir un espace vert, paisible et s\u00e9curis\u00e9, o\u00f9 se rassemblent les habitants du quartier ; \u00e9tudiants, enfants des rues et leurs familles, volontaires, jeunes appel\u00e9s \u00e0 s&rsquo;engager dans la vie professionnelle. En [&hellip;]<\/p>\n","protected":false},"author":12,"featured_media":83062,"parent":0,"menu_order":1,"comment_status":"closed","ping_status":"closed","template":"","meta":{"_acf_changed":false,"footnotes":""},"class_list":["post-82586","page","type-page","status-publish","has-post-thumbnail","hentry"],"acf":[],"yoast_head":"<!-- This site is optimized with the Yoast SEO plugin v27.5 - https:\/\/yoast.com\/product\/yoast-seo-wordpress\/ -->\n<title>LA VISION SAN LO VILLAGE - Projet Sanlo aux Philippines<\/title>\n<meta name=\"description\" content=\"Revenir \u00e0 la page d&#039;accueil Un lieu joyeux, d&#039;entraide et de fraternit\u00e9, o\u00f9 chacun se sent accueilli, se forme et se donne Nous voulons, au c\u0153ur de\" \/>\n<meta name=\"robots\" content=\"index, follow, max-snippet:-1, max-image-preview:large, max-video-preview:-1\" \/>\n<link rel=\"canonical\" href=\"https:\/\/sanlo-project.chemin-neuf.org\/fr\/vision\/\" \/>\n<meta property=\"og:locale\" content=\"fr_FR\" \/>\n<meta property=\"og:type\" content=\"article\" \/>\n<meta property=\"og:title\" content=\"LA VISION SAN LO VILLAGE - Projet Sanlo aux Philippines\" \/>\n<meta property=\"og:description\" content=\"Revenir \u00e0 la page d&#039;accueil Un lieu joyeux, d&#039;entraide et de fraternit\u00e9, o\u00f9 chacun se sent accueilli, se forme et se donne Nous voulons, au c\u0153ur de\" \/>\n<meta property=\"og:url\" content=\"https:\/\/sanlo-project.chemin-neuf.org\/fr\/vision\/\" \/>\n<meta property=\"og:site_name\" content=\"Projet Sanlo aux Philippines\" \/>\n<meta property=\"article:modified_time\" content=\"2026-03-18T09:13:06+00:00\" \/>\n<meta property=\"og:image\" content=\"https:\/\/sanlo-project.chemin-neuf.org\/wp-content\/uploads\/2026\/03\/LA-VISION-SAN-LO-VILLAGE-photo-principale-scaled.jpeg\" \/>\n\t<meta property=\"og:image:width\" content=\"2560\" \/>\n\t<meta property=\"og:image:height\" content=\"1920\" \/>\n\t<meta property=\"og:image:type\" content=\"image\/jpeg\" \/>\n<meta name=\"twitter:card\" content=\"summary_large_image\" \/>\n<meta name=\"twitter:label1\" content=\"Dur\u00e9e de lecture est.\" \/>\n\t<meta name=\"twitter:data1\" content=\"2 minutes\" \/>\n<script type=\"application\/ld+json\" class=\"yoast-schema-graph\">{\"@context\":\"https:\\\/\\\/schema.org\",\"@graph\":[{\"@type\":\"WebPage\",\"@id\":\"https:\\\/\\\/sanlo-project.chemin-neuf.org\\\/fr\\\/vision\\\/\",\"url\":\"https:\\\/\\\/sanlo-project.chemin-neuf.org\\\/fr\\\/vision\\\/\",\"name\":\"LA VISION SAN LO VILLAGE - Projet Sanlo aux Philippines\",\"isPartOf\":{\"@id\":\"https:\\\/\\\/sanlo-project.chemin-neuf.org\\\/fr\\\/#website\"},\"primaryImageOfPage\":{\"@id\":\"https:\\\/\\\/sanlo-project.chemin-neuf.org\\\/fr\\\/vision\\\/#primaryimage\"},\"image\":{\"@id\":\"https:\\\/\\\/sanlo-project.chemin-neuf.org\\\/fr\\\/vision\\\/#primaryimage\"},\"thumbnailUrl\":\"https:\\\/\\\/sanlo-project.chemin-neuf.org\\\/wp-content\\\/uploads\\\/2026\\\/03\\\/LA-VISION-SAN-LO-VILLAGE-photo-principale-scaled.jpeg\",\"datePublished\":\"2026-03-07T09:34:03+00:00\",\"dateModified\":\"2026-03-18T09:13:06+00:00\",\"description\":\"Revenir \u00e0 la page d'accueil Un lieu joyeux, d'entraide et de fraternit\u00e9, o\u00f9 chacun se sent accueilli, se forme et se donne Nous voulons, au c\u0153ur de\",\"breadcrumb\":{\"@id\":\"https:\\\/\\\/sanlo-project.chemin-neuf.org\\\/fr\\\/vision\\\/#breadcrumb\"},\"inLanguage\":\"fr-BE\",\"potentialAction\":[{\"@type\":\"ReadAction\",\"target\":[\"https:\\\/\\\/sanlo-project.chemin-neuf.org\\\/fr\\\/vision\\\/\"]}]},{\"@type\":\"ImageObject\",\"inLanguage\":\"fr-BE\",\"@id\":\"https:\\\/\\\/sanlo-project.chemin-neuf.org\\\/fr\\\/vision\\\/#primaryimage\",\"url\":\"https:\\\/\\\/sanlo-project.chemin-neuf.org\\\/wp-content\\\/uploads\\\/2026\\\/03\\\/LA-VISION-SAN-LO-VILLAGE-photo-principale-scaled.jpeg\",\"contentUrl\":\"https:\\\/\\\/sanlo-project.chemin-neuf.org\\\/wp-content\\\/uploads\\\/2026\\\/03\\\/LA-VISION-SAN-LO-VILLAGE-photo-principale-scaled.jpeg\",\"width\":2560,\"height\":1920},{\"@type\":\"BreadcrumbList\",\"@id\":\"https:\\\/\\\/sanlo-project.chemin-neuf.org\\\/fr\\\/vision\\\/#breadcrumb\",\"itemListElement\":[{\"@type\":\"ListItem\",\"position\":1,\"name\":\"Home\",\"item\":\"https:\\\/\\\/sanlo-project.chemin-neuf.org\\\/fr\\\/\"},{\"@type\":\"ListItem\",\"position\":2,\"name\":\"LA VISION SAN LO VILLAGE\"}]},{\"@type\":\"WebSite\",\"@id\":\"https:\\\/\\\/sanlo-project.chemin-neuf.org\\\/fr\\\/#website\",\"url\":\"https:\\\/\\\/sanlo-project.chemin-neuf.org\\\/fr\\\/\",\"name\":\"Projet Sanlo aux Philippines\",\"description\":\"Projet Sanlo aux Philippines avec la Communaut\u00e9 du Chemin Neuf\",\"potentialAction\":[{\"@type\":\"SearchAction\",\"target\":{\"@type\":\"EntryPoint\",\"urlTemplate\":\"https:\\\/\\\/sanlo-project.chemin-neuf.org\\\/fr\\\/?s={search_term_string}\"},\"query-input\":{\"@type\":\"PropertyValueSpecification\",\"valueRequired\":true,\"valueName\":\"search_term_string\"}}],\"inLanguage\":\"fr-BE\"}]}<\/script>\n<!-- \/ Yoast SEO plugin. -->","yoast_head_json":{"title":"LA VISION SAN LO VILLAGE - Projet Sanlo aux Philippines","description":"Revenir \u00e0 la page d'accueil Un lieu joyeux, d'entraide et de fraternit\u00e9, o\u00f9 chacun se sent accueilli, se forme et se donne Nous voulons, au c\u0153ur de","robots":{"index":"index","follow":"follow","max-snippet":"max-snippet:-1","max-image-preview":"max-image-preview:large","max-video-preview":"max-video-preview:-1"},"canonical":"https:\/\/sanlo-project.chemin-neuf.org\/fr\/vision\/","og_locale":"fr_FR","og_type":"article","og_title":"LA VISION SAN LO VILLAGE - Projet Sanlo aux Philippines","og_description":"Revenir \u00e0 la page d'accueil Un lieu joyeux, d'entraide et de fraternit\u00e9, o\u00f9 chacun se sent accueilli, se forme et se donne Nous voulons, au c\u0153ur de","og_url":"https:\/\/sanlo-project.chemin-neuf.org\/fr\/vision\/","og_site_name":"Projet Sanlo aux Philippines","article_modified_time":"2026-03-18T09:13:06+00:00","og_image":[{"width":2560,"height":1920,"url":"https:\/\/sanlo-project.chemin-neuf.org\/wp-content\/uploads\/2026\/03\/LA-VISION-SAN-LO-VILLAGE-photo-principale-scaled.jpeg","type":"image\/jpeg"}],"twitter_card":"summary_large_image","twitter_misc":{"Dur\u00e9e de lecture est.":"2 minutes"},"schema":{"@context":"https:\/\/schema.org","@graph":[{"@type":"WebPage","@id":"https:\/\/sanlo-project.chemin-neuf.org\/fr\/vision\/","url":"https:\/\/sanlo-project.chemin-neuf.org\/fr\/vision\/","name":"LA VISION SAN LO VILLAGE - Projet Sanlo aux Philippines","isPartOf":{"@id":"https:\/\/sanlo-project.chemin-neuf.org\/fr\/#website"},"primaryImageOfPage":{"@id":"https:\/\/sanlo-project.chemin-neuf.org\/fr\/vision\/#primaryimage"},"image":{"@id":"https:\/\/sanlo-project.chemin-neuf.org\/fr\/vision\/#primaryimage"},"thumbnailUrl":"https:\/\/sanlo-project.chemin-neuf.org\/wp-content\/uploads\/2026\/03\/LA-VISION-SAN-LO-VILLAGE-photo-principale-scaled.jpeg","datePublished":"2026-03-07T09:34:03+00:00","dateModified":"2026-03-18T09:13:06+00:00","description":"Revenir \u00e0 la page d'accueil Un lieu joyeux, d'entraide et de fraternit\u00e9, o\u00f9 chacun se sent accueilli, se forme et se donne Nous voulons, au c\u0153ur de","breadcrumb":{"@id":"https:\/\/sanlo-project.chemin-neuf.org\/fr\/vision\/#breadcrumb"},"inLanguage":"fr-BE","potentialAction":[{"@type":"ReadAction","target":["https:\/\/sanlo-project.chemin-neuf.org\/fr\/vision\/"]}]},{"@type":"ImageObject","inLanguage":"fr-BE","@id":"https:\/\/sanlo-project.chemin-neuf.org\/fr\/vision\/#primaryimage","url":"https:\/\/sanlo-project.chemin-neuf.org\/wp-content\/uploads\/2026\/03\/LA-VISION-SAN-LO-VILLAGE-photo-principale-scaled.jpeg","contentUrl":"https:\/\/sanlo-project.chemin-neuf.org\/wp-content\/uploads\/2026\/03\/LA-VISION-SAN-LO-VILLAGE-photo-principale-scaled.jpeg","width":2560,"height":1920},{"@type":"BreadcrumbList","@id":"https:\/\/sanlo-project.chemin-neuf.org\/fr\/vision\/#breadcrumb","itemListElement":[{"@type":"ListItem","position":1,"name":"Home","item":"https:\/\/sanlo-project.chemin-neuf.org\/fr\/"},{"@type":"ListItem","position":2,"name":"LA VISION SAN LO VILLAGE"}]},{"@type":"WebSite","@id":"https:\/\/sanlo-project.chemin-neuf.org\/fr\/#website","url":"https:\/\/sanlo-project.chemin-neuf.org\/fr\/","name":"Projet Sanlo aux Philippines","description":"Projet Sanlo aux Philippines avec la Communaut\u00e9 du Chemin Neuf","potentialAction":[{"@type":"SearchAction","target":{"@type":"EntryPoint","urlTemplate":"https:\/\/sanlo-project.chemin-neuf.org\/fr\/?s={search_term_string}"},"query-input":{"@type":"PropertyValueSpecification","valueRequired":true,"valueName":"search_term_string"}}],"inLanguage":"fr-BE"}]}},"_links":{"self":[{"href":"https:\/\/sanlo-project.chemin-neuf.org\/fr\/wp-json\/wp\/v2\/pages\/82586","targetHints":{"allow":["GET"]}}],"collection":[{"href":"https:\/\/sanlo-project.chemin-neuf.org\/fr\/wp-json\/wp\/v2\/pages"}],"about":[{"href":"https:\/\/sanlo-project.chemin-neuf.org\/fr\/wp-json\/wp\/v2\/types\/page"}],"author":[{"embeddable":true,"href":"https:\/\/sanlo-project.chemin-neuf.org\/fr\/wp-json\/wp\/v2\/users\/12"}],"replies":[{"embeddable":true,"href":"https:\/\/sanlo-project.chemin-neuf.org\/fr\/wp-json\/wp\/v2\/comments?post=82586"}],"version-history":[{"count":46,"href":"https:\/\/sanlo-project.chemin-neuf.org\/fr\/wp-json\/wp\/v2\/pages\/82586\/revisions"}],"predecessor-version":[{"id":83325,"href":"https:\/\/sanlo-project.chemin-neuf.org\/fr\/wp-json\/wp\/v2\/pages\/82586\/revisions\/83325"}],"wp:featuredmedia":[{"embeddable":true,"href":"https:\/\/sanlo-project.chemin-neuf.org\/fr\/wp-json\/wp\/v2\/media\/83062"}],"wp:attachment":[{"href":"https:\/\/sanlo-project.chemin-neuf.org\/fr\/wp-json\/wp\/v2\/media?parent=82586"}],"curies":[{"name":"wp","href":"https:\/\/api.w.org\/{rel}","templated":true}]}}