{"id":82570,"date":"2026-03-06T17:17:36","date_gmt":"2026-03-06T16:17:36","guid":{"rendered":"https:\/\/www.chemin-neuf.org\/?page_id=82570"},"modified":"2026-03-23T10:52:50","modified_gmt":"2026-03-23T09:52:50","slug":"choix-don","status":"publish","type":"page","link":"https:\/\/sanlo-project.chemin-neuf.org\/fr\/choix-don\/","title":{"rendered":"Faire un don pour le projet San Lo"},"content":{"rendered":"\n<div class=\"wp-block-buttons alignwide is-content-justification-center is-layout-flex wp-container-core-buttons-is-layout-16018d1d wp-block-buttons-is-layout-flex\">\n<div class=\"wp-block-button\"><a class=\"wp-block-button__link has-black-color has-dark-gray-background-color has-text-color has-background has-link-color wp-element-button\" href=\"https:\/\/sanlo-project.chemin-neuf.org\/sanlo-village\/\">Revenir \u00e0 la page d&rsquo;accueil<\/a><\/div>\n<\/div>\n\n\n\n<div style=\"height:30px\" aria-hidden=\"true\" class=\"wp-block-spacer\"><\/div>\n\n\n\n<h3 class=\"wp-block-heading has-text-align-center\">Merci par avance de votre don. <\/h3>\n\n\n\n<p><strong>Faites un don pour une cause concr\u00e8te :<\/strong><\/p>\n\n\n\n<ul class=\"wp-block-list\">\n<li>Financer une bourse d&rsquo;\u00e9tudes d&rsquo;un an pour un enfant (150 \u20ac)<\/li>\n\n\n\n<li>Financer un climatiseur pour une salle du centre de sant\u00e9 (500 \u20ac)<\/li>\n\n\n\n<li>Financer une bourse PIC de 6 mois pour un jeune (750 \u20ac)<\/li>\n\n\n\n<li>Financer la r\u00e9novation d&rsquo;une chambre d&rsquo;\u00e9tudiant (2 500 \u20ac)<\/li>\n<\/ul>\n\n\n\n<p class=\"has-text-align-center has-beige-background-color has-background\">Pour vous aiguiller merci de cliquer sur la situation qui vous correspond<\/p>\n\n\n\n<ul class=\"wp-block-list\">\n<li style=\"padding-top:var(--wp--preset--spacing--40);padding-bottom:var(--wp--preset--spacing--40)\"><a href=\"http:\/\/dons.chemin-neuf.fr\/philippines\" target=\"_blank\" rel=\"noreferrer noopener\">Je suis r\u00e9sident fiscal en France <\/a><\/li>\n\n\n\n<li style=\"padding-top:var(--wp--preset--spacing--40);padding-bottom:var(--wp--preset--spacing--40)\"><a href=\"https:\/\/sanlo-project.chemin-neuf.org.uk\/donate\/make-a-donation\/\">Je suis r\u00e9sident fiscal au Royaume-Uni<\/a><\/li>\n\n\n\n<li style=\"padding-top:var(--wp--preset--spacing--40);padding-bottom:var(--wp--preset--spacing--40)\"><a href=\"https:\/\/www.chemin-neuf.ch\/vous-pouvez-nous-soutenir\/\">Je suis r\u00e9sident fiscal en Suisse<\/a><\/li>\n\n\n\n<li style=\"padding-top:var(--wp--preset--spacing--40);padding-bottom:var(--wp--preset--spacing--40)\"><a href=\"https:\/\/www.chemin-neuf.ph\/support-us\/donate-in-pesos\/\">Je suis r\u00e9sident fiscal aux Philippines<\/a><\/li>\n\n\n\n<li style=\"padding-top:var(--wp--preset--spacing--40);padding-bottom:var(--wp--preset--spacing--40)\">Je suis r\u00e9sident fiscal d&rsquo;un autre pays<\/li>\n<\/ul>\n\n\n\n<div class=\"wp-block-buttons is-content-justification-center is-layout-flex wp-container-core-buttons-is-layout-e1485a7b wp-block-buttons-is-layout-flex\">\n<div class=\"wp-block-button\"><a class=\"wp-block-button__link has-black-color has-dark-gray-background-color has-text-color has-background has-link-color wp-element-button\" href=\"https:\/\/sanlo-project.chemin-neuf.org\/sanlo-village\/\">Revenir \u00e0 la page d&rsquo;accueil<\/a><\/div>\n<\/div>\n\n\n\n<div style=\"height:30px\" aria-hidden=\"true\" class=\"wp-block-spacer\"><\/div>\n","protected":false},"excerpt":{"rendered":"<p>Merci par avance de votre don. Faites un don pour une cause concr\u00e8te : Pour vous aiguiller merci de cliquer sur la situation qui vous correspond<\/p>\n","protected":false},"author":12,"featured_media":81316,"parent":0,"menu_order":1,"comment_status":"closed","ping_status":"closed","template":"","meta":{"_acf_changed":false,"footnotes":""},"class_list":["post-82570","page","type-page","status-publish","has-post-thumbnail","hentry"],"acf":[],"yoast_head":"<!-- This site is optimized with the Yoast SEO plugin v27.5 - https:\/\/yoast.com\/product\/yoast-seo-wordpress\/ -->\n<title>Faire un don pour le projet San Lo - Projet Sanlo aux Philippines<\/title>\n<meta name=\"description\" content=\"Revenir \u00e0 la page d&#039;accueil Merci par avance de votre don. Faites un don pour une cause concr\u00e8te : Financer une bourse d&#039;\u00e9tudes d&#039;un an pour un enfant\" \/>\n<meta name=\"robots\" content=\"index, follow, max-snippet:-1, max-image-preview:large, max-video-preview:-1\" \/>\n<link rel=\"canonical\" href=\"https:\/\/sanlo-project.chemin-neuf.org\/fr\/choix-don\/\" \/>\n<meta property=\"og:locale\" content=\"fr_FR\" \/>\n<meta property=\"og:type\" content=\"article\" \/>\n<meta property=\"og:title\" content=\"Faire un don pour le projet San Lo - Projet Sanlo aux Philippines\" \/>\n<meta property=\"og:description\" content=\"Revenir \u00e0 la page d&#039;accueil Merci par avance de votre don. Faites un don pour une cause concr\u00e8te : Financer une bourse d&#039;\u00e9tudes d&#039;un an pour un enfant\" \/>\n<meta property=\"og:url\" content=\"https:\/\/sanlo-project.chemin-neuf.org\/fr\/choix-don\/\" \/>\n<meta property=\"og:site_name\" content=\"Projet Sanlo aux Philippines\" \/>\n<meta property=\"article:modified_time\" content=\"2026-03-23T09:52:50+00:00\" \/>\n<meta property=\"og:image\" content=\"https:\/\/sanlo-project.chemin-neuf.org\/wp-content\/uploads\/2026\/02\/Sans-titre-9.jpeg\" \/>\n\t<meta property=\"og:image:width\" content=\"1366\" \/>\n\t<meta property=\"og:image:height\" content=\"986\" \/>\n\t<meta property=\"og:image:type\" content=\"image\/jpeg\" \/>\n<meta name=\"twitter:card\" content=\"summary_large_image\" \/>\n<meta name=\"twitter:label1\" content=\"Dur\u00e9e de lecture est.\" \/>\n\t<meta name=\"twitter:data1\" content=\"1 minute\" \/>\n<script type=\"application\/ld+json\" class=\"yoast-schema-graph\">{\"@context\":\"https:\\\/\\\/schema.org\",\"@graph\":[{\"@type\":\"WebPage\",\"@id\":\"https:\\\/\\\/sanlo-project.chemin-neuf.org\\\/fr\\\/choix-don\\\/\",\"url\":\"https:\\\/\\\/sanlo-project.chemin-neuf.org\\\/fr\\\/choix-don\\\/\",\"name\":\"Faire un don pour le projet San Lo - Projet Sanlo aux Philippines\",\"isPartOf\":{\"@id\":\"https:\\\/\\\/sanlo-project.chemin-neuf.org\\\/fr\\\/#website\"},\"primaryImageOfPage\":{\"@id\":\"https:\\\/\\\/sanlo-project.chemin-neuf.org\\\/fr\\\/choix-don\\\/#primaryimage\"},\"image\":{\"@id\":\"https:\\\/\\\/sanlo-project.chemin-neuf.org\\\/fr\\\/choix-don\\\/#primaryimage\"},\"thumbnailUrl\":\"https:\\\/\\\/sanlo-project.chemin-neuf.org\\\/wp-content\\\/uploads\\\/2026\\\/02\\\/Sans-titre-9.jpeg\",\"datePublished\":\"2026-03-06T16:17:36+00:00\",\"dateModified\":\"2026-03-23T09:52:50+00:00\",\"description\":\"Revenir \u00e0 la page d'accueil Merci par avance de votre don. Faites un don pour une cause concr\u00e8te : Financer une bourse d'\u00e9tudes d'un an pour un enfant\",\"breadcrumb\":{\"@id\":\"https:\\\/\\\/sanlo-project.chemin-neuf.org\\\/fr\\\/choix-don\\\/#breadcrumb\"},\"inLanguage\":\"fr-BE\",\"potentialAction\":[{\"@type\":\"ReadAction\",\"target\":[\"https:\\\/\\\/sanlo-project.chemin-neuf.org\\\/fr\\\/choix-don\\\/\"]}]},{\"@type\":\"ImageObject\",\"inLanguage\":\"fr-BE\",\"@id\":\"https:\\\/\\\/sanlo-project.chemin-neuf.org\\\/fr\\\/choix-don\\\/#primaryimage\",\"url\":\"https:\\\/\\\/sanlo-project.chemin-neuf.org\\\/wp-content\\\/uploads\\\/2026\\\/02\\\/Sans-titre-9.jpeg\",\"contentUrl\":\"https:\\\/\\\/sanlo-project.chemin-neuf.org\\\/wp-content\\\/uploads\\\/2026\\\/02\\\/Sans-titre-9.jpeg\",\"width\":1366,\"height\":986},{\"@type\":\"BreadcrumbList\",\"@id\":\"https:\\\/\\\/sanlo-project.chemin-neuf.org\\\/fr\\\/choix-don\\\/#breadcrumb\",\"itemListElement\":[{\"@type\":\"ListItem\",\"position\":1,\"name\":\"Home\",\"item\":\"https:\\\/\\\/sanlo-project.chemin-neuf.org\\\/fr\\\/\"},{\"@type\":\"ListItem\",\"position\":2,\"name\":\"Faire un don pour le projet San Lo\"}]},{\"@type\":\"WebSite\",\"@id\":\"https:\\\/\\\/sanlo-project.chemin-neuf.org\\\/fr\\\/#website\",\"url\":\"https:\\\/\\\/sanlo-project.chemin-neuf.org\\\/fr\\\/\",\"name\":\"Projet Sanlo aux Philippines\",\"description\":\"Projet Sanlo aux Philippines avec la Communaut\u00e9 du Chemin Neuf\",\"potentialAction\":[{\"@type\":\"SearchAction\",\"target\":{\"@type\":\"EntryPoint\",\"urlTemplate\":\"https:\\\/\\\/sanlo-project.chemin-neuf.org\\\/fr\\\/?s={search_term_string}\"},\"query-input\":{\"@type\":\"PropertyValueSpecification\",\"valueRequired\":true,\"valueName\":\"search_term_string\"}}],\"inLanguage\":\"fr-BE\"}]}<\/script>\n<!-- \/ Yoast SEO plugin. -->","yoast_head_json":{"title":"Faire un don pour le projet San Lo - Projet Sanlo aux Philippines","description":"Revenir \u00e0 la page d'accueil Merci par avance de votre don. Faites un don pour une cause concr\u00e8te : Financer une bourse d'\u00e9tudes d'un an pour un enfant","robots":{"index":"index","follow":"follow","max-snippet":"max-snippet:-1","max-image-preview":"max-image-preview:large","max-video-preview":"max-video-preview:-1"},"canonical":"https:\/\/sanlo-project.chemin-neuf.org\/fr\/choix-don\/","og_locale":"fr_FR","og_type":"article","og_title":"Faire un don pour le projet San Lo - Projet Sanlo aux Philippines","og_description":"Revenir \u00e0 la page d'accueil Merci par avance de votre don. Faites un don pour une cause concr\u00e8te : Financer une bourse d'\u00e9tudes d'un an pour un enfant","og_url":"https:\/\/sanlo-project.chemin-neuf.org\/fr\/choix-don\/","og_site_name":"Projet Sanlo aux Philippines","article_modified_time":"2026-03-23T09:52:50+00:00","og_image":[{"width":1366,"height":986,"url":"https:\/\/sanlo-project.chemin-neuf.org\/wp-content\/uploads\/2026\/02\/Sans-titre-9.jpeg","type":"image\/jpeg"}],"twitter_card":"summary_large_image","twitter_misc":{"Dur\u00e9e de lecture est.":"1 minute"},"schema":{"@context":"https:\/\/schema.org","@graph":[{"@type":"WebPage","@id":"https:\/\/sanlo-project.chemin-neuf.org\/fr\/choix-don\/","url":"https:\/\/sanlo-project.chemin-neuf.org\/fr\/choix-don\/","name":"Faire un don pour le projet San Lo - Projet Sanlo aux Philippines","isPartOf":{"@id":"https:\/\/sanlo-project.chemin-neuf.org\/fr\/#website"},"primaryImageOfPage":{"@id":"https:\/\/sanlo-project.chemin-neuf.org\/fr\/choix-don\/#primaryimage"},"image":{"@id":"https:\/\/sanlo-project.chemin-neuf.org\/fr\/choix-don\/#primaryimage"},"thumbnailUrl":"https:\/\/sanlo-project.chemin-neuf.org\/wp-content\/uploads\/2026\/02\/Sans-titre-9.jpeg","datePublished":"2026-03-06T16:17:36+00:00","dateModified":"2026-03-23T09:52:50+00:00","description":"Revenir \u00e0 la page d'accueil Merci par avance de votre don. Faites un don pour une cause concr\u00e8te : Financer une bourse d'\u00e9tudes d'un an pour un enfant","breadcrumb":{"@id":"https:\/\/sanlo-project.chemin-neuf.org\/fr\/choix-don\/#breadcrumb"},"inLanguage":"fr-BE","potentialAction":[{"@type":"ReadAction","target":["https:\/\/sanlo-project.chemin-neuf.org\/fr\/choix-don\/"]}]},{"@type":"ImageObject","inLanguage":"fr-BE","@id":"https:\/\/sanlo-project.chemin-neuf.org\/fr\/choix-don\/#primaryimage","url":"https:\/\/sanlo-project.chemin-neuf.org\/wp-content\/uploads\/2026\/02\/Sans-titre-9.jpeg","contentUrl":"https:\/\/sanlo-project.chemin-neuf.org\/wp-content\/uploads\/2026\/02\/Sans-titre-9.jpeg","width":1366,"height":986},{"@type":"BreadcrumbList","@id":"https:\/\/sanlo-project.chemin-neuf.org\/fr\/choix-don\/#breadcrumb","itemListElement":[{"@type":"ListItem","position":1,"name":"Home","item":"https:\/\/sanlo-project.chemin-neuf.org\/fr\/"},{"@type":"ListItem","position":2,"name":"Faire un don pour le projet San Lo"}]},{"@type":"WebSite","@id":"https:\/\/sanlo-project.chemin-neuf.org\/fr\/#website","url":"https:\/\/sanlo-project.chemin-neuf.org\/fr\/","name":"Projet Sanlo aux Philippines","description":"Projet Sanlo aux Philippines avec la Communaut\u00e9 du Chemin Neuf","potentialAction":[{"@type":"SearchAction","target":{"@type":"EntryPoint","urlTemplate":"https:\/\/sanlo-project.chemin-neuf.org\/fr\/?s={search_term_string}"},"query-input":{"@type":"PropertyValueSpecification","valueRequired":true,"valueName":"search_term_string"}}],"inLanguage":"fr-BE"}]}},"_links":{"self":[{"href":"https:\/\/sanlo-project.chemin-neuf.org\/fr\/wp-json\/wp\/v2\/pages\/82570","targetHints":{"allow":["GET"]}}],"collection":[{"href":"https:\/\/sanlo-project.chemin-neuf.org\/fr\/wp-json\/wp\/v2\/pages"}],"about":[{"href":"https:\/\/sanlo-project.chemin-neuf.org\/fr\/wp-json\/wp\/v2\/types\/page"}],"author":[{"embeddable":true,"href":"https:\/\/sanlo-project.chemin-neuf.org\/fr\/wp-json\/wp\/v2\/users\/12"}],"replies":[{"embeddable":true,"href":"https:\/\/sanlo-project.chemin-neuf.org\/fr\/wp-json\/wp\/v2\/comments?post=82570"}],"version-history":[{"count":7,"href":"https:\/\/sanlo-project.chemin-neuf.org\/fr\/wp-json\/wp\/v2\/pages\/82570\/revisions"}],"predecessor-version":[{"id":83592,"href":"https:\/\/sanlo-project.chemin-neuf.org\/fr\/wp-json\/wp\/v2\/pages\/82570\/revisions\/83592"}],"wp:featuredmedia":[{"embeddable":true,"href":"https:\/\/sanlo-project.chemin-neuf.org\/fr\/wp-json\/wp\/v2\/media\/81316"}],"wp:attachment":[{"href":"https:\/\/sanlo-project.chemin-neuf.org\/fr\/wp-json\/wp\/v2\/media?parent=82570"}],"curies":[{"name":"wp","href":"https:\/\/api.w.org\/{rel}","templated":true}]}}