{"id":81251,"date":"2026-02-04T10:52:46","date_gmt":"2026-02-04T09:52:46","guid":{"rendered":"https:\/\/www.chemin-neuf.org\/?page_id=81251"},"modified":"2026-03-18T10:07:13","modified_gmt":"2026-03-18T09:07:13","slug":"travaux","status":"publish","type":"page","link":"https:\/\/sanlo-project.chemin-neuf.org\/fr\/travaux\/","title":{"rendered":"Les travaux"},"content":{"rendered":"\n<div class=\"wp-block-buttons alignwide is-content-justification-center is-layout-flex wp-container-core-buttons-is-layout-16018d1d wp-block-buttons-is-layout-flex\">\n<div class=\"wp-block-button\"><a class=\"wp-block-button__link has-black-color has-gray-background-color has-text-color has-background has-link-color wp-element-button\" href=\"https:\/\/sanlo-project.chemin-neuf.org\/sanlo-village\/\">Revenir \u00e0 la page d&rsquo;accueil<\/a><\/div>\n<\/div>\n\n\n\n<div style=\"height:38px\" aria-hidden=\"true\" class=\"wp-block-spacer\"><\/div>\n\n\n\n<p class=\"has-text-align-center\"><strong>L&rsquo;objectif vis\u00e9 est de terminer les travaux n\u00e9cessaires d&rsquo;ici 2029-30<\/strong> pour r\u00e9pondre \u00e0 un triple besoin : <\/p>\n\n\n\n<ul class=\"wp-block-list\">\n<li>Proposer <strong>un panel de chambres<\/strong> en ad\u00e9quation avec les besoins et les finances des \u00e9tudiants.&nbsp;<\/li>\n\n\n\n<li><strong>S\u00e9curiser et adapter les locaux <\/strong>en fonction des missions du SanLo Village et en tenant compte de leur croissance.<\/li>\n\n\n\n<li><strong>S\u2019ouvrir vers l\u2019ext\u00e9rieur, <\/strong>en cr\u00e9ant des espaces d\u2019accueil compl\u00e9mentaires tels la cr\u00e9ation d\u2019un \u201ccaf\u00e9\u201d ouvert aux visiteurs et des appartements pour familles et\/ou jeunes professionnels.<\/li>\n<\/ul>\n\n\n\n<figure class=\"wp-block-image size-large\"><img loading=\"lazy\" decoding=\"async\" width=\"1024\" height=\"940\" src=\"https:\/\/sanlo-project.chemin-neuf.org\/wp-content\/uploads\/2026\/03\/Nouvelle-Photo-Travaux-Prevus-1024x940.jpeg\" alt=\"\" class=\"wp-image-83298\" srcset=\"https:\/\/sanlo-project.chemin-neuf.org\/wp-content\/uploads\/2026\/03\/Nouvelle-Photo-Travaux-Prevus-1024x940.jpeg 1024w, https:\/\/sanlo-project.chemin-neuf.org\/wp-content\/uploads\/2026\/03\/Nouvelle-Photo-Travaux-Prevus-768x705.jpeg 768w, https:\/\/sanlo-project.chemin-neuf.org\/wp-content\/uploads\/2026\/03\/Nouvelle-Photo-Travaux-Prevus-1536x1411.jpeg 1536w, https:\/\/sanlo-project.chemin-neuf.org\/wp-content\/uploads\/2026\/03\/Nouvelle-Photo-Travaux-Prevus-2048x1881.jpeg 2048w\" sizes=\"auto, (max-width: 1024px) 100vw, 1024px\" \/><\/figure>\n\n\n\n<div style=\"height:20px\" aria-hidden=\"true\" class=\"wp-block-spacer\"><\/div>\n\n\n\n<h3 class=\"wp-block-heading has-text-align-center\"><strong>Phasage<\/strong><\/h3>\n\n\n\n<div class=\"wp-block-columns has-beige-background-color has-background is-layout-flex wp-container-core-columns-is-layout-30ac8118 wp-block-columns-is-layout-flex\" style=\"padding-right:var(--wp--preset--spacing--50);padding-left:var(--wp--preset--spacing--50)\">\n<div class=\"wp-block-column is-vertically-aligned-center has-beige-background-color has-background is-layout-flow wp-block-column-is-layout-flow\">\n<h3 class=\"wp-block-heading has-text-align-left\">PHASE 0 &#8211; URGENCES<\/h3>\n\n\n\n<p>Estimation :&nbsp;<strong>520 000 euros<\/strong>&nbsp;<\/p>\n\n\n\n<p>soit 32 millions de Pesos philippins<\/p>\n<\/div>\n\n\n\n<div class=\"wp-block-column is-layout-flow wp-block-column-is-layout-flow\">\n<p><strong>Poursuivre le lancement des activit\u00e9s sociales,<\/strong> <strong>s\u00e9curiser l\u2019ensemble des lieux et pr\u00e9parer l\u2019avenir<\/strong><\/p>\n\n\n\n<ul class=\"wp-block-list\">\n<li>Cr\u00e9ation du Centre d\u2019Insertion Professionnelle (PIC) et du cabinet m\u00e9dical<ul><li>Cr\u00e9ation de nouvelles chambres pour les \u00e9tudiants dans l\u2019espace actuellement utilis\u00e9<\/li><\/ul><ul><li>Etudes structurelle, \u00e9lectrique et r\u00e9seaux et mise aux normes<\/li><\/ul>\n<ul class=\"wp-block-list\">\n<li>R\u00e9am\u00e9nagement et r\u00e9fection des espaces communautaires<\/li>\n<\/ul>\n<\/li>\n<\/ul>\n<\/div>\n<\/div>\n\n\n\n<div style=\"height:20px\" aria-hidden=\"true\" class=\"wp-block-spacer\"><\/div>\n\n\n\n<hr class=\"wp-block-separator has-alpha-channel-opacity\"\/>\n\n\n\n<div style=\"height:20px\" aria-hidden=\"true\" class=\"wp-block-spacer\"><\/div>\n\n\n\n<div class=\"wp-block-columns is-layout-flex wp-container-core-columns-is-layout-30ac8118 wp-block-columns-is-layout-flex\" style=\"padding-right:var(--wp--preset--spacing--50);padding-left:var(--wp--preset--spacing--50)\">\n<div class=\"wp-block-column is-vertically-aligned-center is-layout-flow wp-block-column-is-layout-flow\">\n<h3 class=\"wp-block-heading has-text-align-left\">PHASE 1 &#8211; DURER<\/h3>\n\n\n\n<p>Estimation :&nbsp;<strong>495 000<\/strong>&nbsp;<strong>euros<\/strong>&nbsp;<\/p>\n\n\n\n<p>soit 31 millions de Pesos philippins<\/p>\n<\/div>\n\n\n\n<div class=\"wp-block-column is-vertically-aligned-center is-layout-flow wp-block-column-is-layout-flow\">\n<p class=\"has-text-align-left\"><strong>Am\u00e9liorer<\/strong> <strong>l\u2019attractivit\u00e9 du foyer pour les \u00e9tudiants, poser la vie communautaire<\/strong><\/p>\n\n\n\n<ul class=\"wp-block-list\">\n<li><span style=\"color: initial; font-family: -apple-system, BlinkMacSystemFont, &quot;Segoe UI&quot;, Roboto, Oxygen-Sans, Ubuntu, Cantarell, &quot;Helvetica Neue&quot;, sans-serif;\">Remise \u00e0 niveau des chambres du foyer d\u2019\u00e9tudiants actuellement utilis\u00e9es<\/span><\/li>\n\n\n\n<li>R\u00e9fection des chambres des fr\u00e8res et s\u0153urs<\/li>\n\n\n\n<li>R\u00e9am\u00e9nagement des espaces communs au RdC du b\u00e2timent principal pour plus de luminosit\u00e9 et une meilleure circulation<\/li>\n<\/ul>\n<\/div>\n<\/div>\n\n\n\n<div style=\"height:20px\" aria-hidden=\"true\" class=\"wp-block-spacer\"><\/div>\n\n\n\n<hr class=\"wp-block-separator has-alpha-channel-opacity\"\/>\n\n\n\n<div style=\"height:20px\" aria-hidden=\"true\" class=\"wp-block-spacer\"><\/div>\n\n\n\n<div class=\"wp-block-columns has-beige-background-color has-background is-layout-flex wp-container-core-columns-is-layout-30ac8118 wp-block-columns-is-layout-flex\" style=\"padding-right:var(--wp--preset--spacing--50);padding-left:var(--wp--preset--spacing--50)\">\n<div class=\"wp-block-column is-vertically-aligned-center has-beige-background-color has-background is-layout-flow wp-block-column-is-layout-flow\">\n<h3 class=\"wp-block-heading has-text-align-left\">PHASE 2 &#8211; D\u00c9VELOPPER DE NOUVELLES CAPACIT\u00c9S<\/h3>\n\n\n\n<p>Estimation :&nbsp;<strong>1 110 000 euros<\/strong>&nbsp;<\/p>\n\n\n\n<p>soit 69 millions de Pesos philippins<\/p>\n<\/div>\n\n\n\n<div class=\"wp-block-column is-layout-flow wp-block-column-is-layout-flow\">\n<p><strong>R\u00e9nover la partie du b\u00e2timent principal c\u00f4t\u00e9 rue<\/strong><\/p>\n\n\n\n<ul class=\"wp-block-list\">\n<li>Cr\u00e9ation de 40 chambres aux standards modernes<\/li>\n\n\n\n<li>Cr\u00e9ation de salle de conf\u00e9rences<\/li>\n\n\n\n<li>Cr\u00e9ation d\u2019appartements pour des colocations de jeunes professionnels et des familles<\/li>\n<\/ul>\n<\/div>\n<\/div>\n\n\n\n<div style=\"height:20px\" aria-hidden=\"true\" class=\"wp-block-spacer\"><\/div>\n\n\n\n<hr class=\"wp-block-separator has-alpha-channel-opacity\"\/>\n\n\n\n<div style=\"height:20px\" aria-hidden=\"true\" class=\"wp-block-spacer\"><\/div>\n\n\n\n<div class=\"wp-block-columns is-layout-flex wp-container-core-columns-is-layout-30ac8118 wp-block-columns-is-layout-flex\" style=\"padding-right:var(--wp--preset--spacing--50);padding-left:var(--wp--preset--spacing--50)\">\n<div class=\"wp-block-column is-vertically-aligned-center is-layout-flow wp-block-column-is-layout-flow\">\n<h3 class=\"wp-block-heading\">PHASE 3 &#8211; OUVRIR SUR LA VILLE<\/h3>\n\n\n\n<p>Estimation :&nbsp;<strong>425 000 euros<\/strong>&nbsp;<\/p>\n\n\n\n<p>soit 27 millions de Pesos philippins<\/p>\n<\/div>\n\n\n\n<div class=\"wp-block-column is-vertically-aligned-center has-white-background-color has-background is-layout-flow wp-block-column-is-layout-flow\">\n<p class=\"has-text-align-left\"><strong>\u00c9largir la surface de contact, toucher plus de jeunes et de familles<\/strong><\/p>\n\n\n\n<ul class=\"wp-block-list\">\n<li>Cr\u00e9ation d\u2019un Caf\u00e9 Project comme lieu de porosit\u00e9 avec l\u2019ext\u00e9rieur\n<ul class=\"wp-block-list\">\n<li>R\u00e9novation du b\u00e2timent Paulinho pour l\u2019accueil temporaire<\/li>\n\n\n\n<li>R\u00e9am\u00e9nagement des salles de classes et de r\u00e9cr\u00e9ation des enfants des rues<\/li>\n<\/ul>\n<\/li>\n<\/ul>\n<\/div>\n<\/div>\n\n\n\n<div style=\"height:20px\" aria-hidden=\"true\" class=\"wp-block-spacer\"><\/div>\n\n\n\n<hr class=\"wp-block-separator has-alpha-channel-opacity\"\/>\n\n\n\n<div style=\"height:20px\" aria-hidden=\"true\" class=\"wp-block-spacer\"><\/div>\n\n\n\n<div class=\"wp-block-columns has-beige-background-color has-background is-layout-flex wp-container-core-columns-is-layout-30ac8118 wp-block-columns-is-layout-flex\" style=\"padding-right:var(--wp--preset--spacing--50);padding-left:var(--wp--preset--spacing--50)\">\n<div class=\"wp-block-column is-vertically-aligned-center has-beige-background-color has-background is-layout-flow wp-block-column-is-layout-flow\">\n<h3 class=\"wp-block-heading has-text-align-left\">PHASE 4 &#8211; EMBELLIR <\/h3>\n\n\n\n<p>Estimation :&nbsp;<strong>450 000 euros&nbsp;<\/strong><\/p>\n\n\n\n<p>soit 28 millions de Pesos philippins<\/p>\n<\/div>\n\n\n\n<div class=\"wp-block-column is-layout-flow wp-block-column-is-layout-flow\">\n<p><strong>Investir pour l&rsquo;avenir<\/strong><\/p>\n\n\n\n<ul class=\"wp-block-list\">\n<li>Augmentation des standards pour l&rsquo;isolation phonique et thermique<\/li>\n\n\n\n<li>R\u00e9novation des ext\u00e9rieurs : jardins et peinture<\/li>\n<\/ul>\n<\/div>\n<\/div>\n\n\n\n<div style=\"height:20px\" aria-hidden=\"true\" class=\"wp-block-spacer\"><\/div>\n\n\n\n<figure class=\"wp-block-gallery has-nested-images columns-default is-cropped wp-block-gallery-1 is-layout-flex wp-block-gallery-is-layout-flex\">\n<figure class=\"wp-block-image size-large\"><img loading=\"lazy\" decoding=\"async\" width=\"1024\" height=\"687\" data-id=\"81296\" src=\"https:\/\/sanlo-project.chemin-neuf.org\/wp-content\/uploads\/2026\/02\/Sans-titre-7-1024x687.jpeg\" alt=\"\" class=\"wp-image-81296\" srcset=\"https:\/\/sanlo-project.chemin-neuf.org\/wp-content\/uploads\/2026\/02\/Sans-titre-7-1024x687.jpeg 1024w, https:\/\/sanlo-project.chemin-neuf.org\/wp-content\/uploads\/2026\/02\/Sans-titre-7-768x515.jpeg 768w, https:\/\/sanlo-project.chemin-neuf.org\/wp-content\/uploads\/2026\/02\/Sans-titre-7-1536x1031.jpeg 1536w, https:\/\/sanlo-project.chemin-neuf.org\/wp-content\/uploads\/2026\/02\/Sans-titre-7-2048x1375.jpeg 2048w\" sizes=\"auto, (max-width: 1024px) 100vw, 1024px\" \/><\/figure>\n\n\n\n<figure class=\"wp-block-image size-large\"><img loading=\"lazy\" decoding=\"async\" width=\"1024\" height=\"879\" data-id=\"81284\" src=\"https:\/\/sanlo-project.chemin-neuf.org\/wp-content\/uploads\/2026\/02\/Sans-titre-8-1024x879.png\" alt=\"\" class=\"wp-image-81284\" srcset=\"https:\/\/sanlo-project.chemin-neuf.org\/wp-content\/uploads\/2026\/02\/Sans-titre-8-1024x879.png 1024w, https:\/\/sanlo-project.chemin-neuf.org\/wp-content\/uploads\/2026\/02\/Sans-titre-8-768x659.png 768w, https:\/\/sanlo-project.chemin-neuf.org\/wp-content\/uploads\/2026\/02\/Sans-titre-8-1536x1318.png 1536w, https:\/\/sanlo-project.chemin-neuf.org\/wp-content\/uploads\/2026\/02\/Sans-titre-8.png 2002w\" sizes=\"auto, (max-width: 1024px) 100vw, 1024px\" \/><\/figure>\n<\/figure>\n\n\n\n<div class=\"wp-block-columns has-beige-background-color has-background is-layout-flex wp-container-core-columns-is-layout-30ac8118 wp-block-columns-is-layout-flex\" style=\"padding-right:var(--wp--preset--spacing--50);padding-left:var(--wp--preset--spacing--50)\">\n<div class=\"wp-block-column is-vertically-aligned-center has-beige-background-color has-background is-layout-flow wp-block-column-is-layout-flow\">\n<h3 class=\"wp-block-heading has-text-align-center\">CO\u00dbT TOTAL DE LA R\u00c9NOVATION<\/h3>\n\n\n\n<p class=\"has-text-align-center\">Estimation :&nbsp;<strong>3 000 000 euros&nbsp;<\/strong><\/p>\n\n\n\n<p class=\"has-text-align-center\">soit 187 millions de Pesos philippins<\/p>\n<\/div>\n<\/div>\n\n\n\n<div style=\"height:30px\" aria-hidden=\"true\" class=\"wp-block-spacer\"><\/div>\n\n\n\n<div class=\"wp-block-columns is-layout-flex wp-container-core-columns-is-layout-9d6595d7 wp-block-columns-is-layout-flex\">\n<div class=\"wp-block-column is-layout-flow wp-block-column-is-layout-flow\">\n<div class=\"wp-block-buttons has-custom-font-size has-extra-large-font-size is-content-justification-center is-layout-flex wp-container-core-buttons-is-layout-01d21e53 wp-block-buttons-is-layout-flex\" style=\"padding-top:var(--wp--preset--spacing--70);padding-right:0;padding-bottom:var(--wp--preset--spacing--70);padding-left:0\">\n<div class=\"wp-block-button\"><a class=\"wp-block-button__link has-white-color has-orange-background-color has-text-color has-background has-link-color wp-element-button\" href=\"https:\/\/sanlo-project.chemin-neuf.org\/choix-don\/\" style=\"border-radius:50px;padding-top:var(--wp--preset--spacing--40);padding-right:var(--wp--preset--spacing--60);padding-bottom:var(--wp--preset--spacing--40);padding-left:var(--wp--preset--spacing--60)\" target=\"_blank\" rel=\"noreferrer noopener\">Faire un don<\/a><\/div>\n<\/div>\n<\/div>\n\n\n\n<div class=\"wp-block-column is-layout-flow wp-block-column-is-layout-flow\">\n<div class=\"wp-block-buttons has-custom-font-size has-extra-large-font-size is-content-justification-center is-layout-flex wp-container-core-buttons-is-layout-01d21e53 wp-block-buttons-is-layout-flex\" style=\"padding-top:var(--wp--preset--spacing--70);padding-right:0;padding-bottom:var(--wp--preset--spacing--70);padding-left:0\">\n<div class=\"wp-block-button\"><a class=\"wp-block-button__link has-white-color has-orange-background-color has-text-color has-background has-link-color wp-element-button\" href=\"https:\/\/sanlo-project.chemin-neuf.org\/simpliquer\" style=\"border-radius:50px;padding-top:var(--wp--preset--spacing--40);padding-right:var(--wp--preset--spacing--60);padding-bottom:var(--wp--preset--spacing--40);padding-left:var(--wp--preset--spacing--60)\" target=\"_blank\" rel=\"noreferrer noopener\">S&rsquo;impliquer<\/a><\/div>\n<\/div>\n<\/div>\n<\/div>\n\n\n\n<div style=\"height:30px\" aria-hidden=\"true\" class=\"wp-block-spacer\"><\/div>\n\n\n\n<div class=\"wp-block-buttons is-content-justification-center is-layout-flex wp-container-core-buttons-is-layout-e1485a7b wp-block-buttons-is-layout-flex\">\n<div class=\"wp-block-button\"><a class=\"wp-block-button__link has-black-color has-gray-background-color has-text-color has-background has-link-color wp-element-button\" href=\"https:\/\/sanlo-project.chemin-neuf.org\/sanlo-village\/\">Revenir \u00e0 la page d&rsquo;accueil<\/a><\/div>\n<\/div>\n\n\n\n<div style=\"height:30px\" aria-hidden=\"true\" class=\"wp-block-spacer\"><\/div>\n","protected":false},"excerpt":{"rendered":"<p>L&rsquo;objectif vis\u00e9 est de terminer les travaux n\u00e9cessaires d&rsquo;ici 2029-30 pour r\u00e9pondre \u00e0 un triple besoin : Phasage PHASE 0 &#8211; URGENCES Estimation :&nbsp;520 000 euros&nbsp; soit 32 millions de Pesos philippins Poursuivre le lancement des activit\u00e9s sociales, s\u00e9curiser l\u2019ensemble des lieux et pr\u00e9parer l\u2019avenir PHASE 1 &#8211; DURER Estimation :&nbsp;495 000&nbsp;euros&nbsp; soit 31 millions [&hellip;]<\/p>\n","protected":false},"author":12,"featured_media":83089,"parent":0,"menu_order":1,"comment_status":"closed","ping_status":"closed","template":"","meta":{"_acf_changed":false,"footnotes":""},"class_list":["post-81251","page","type-page","status-publish","has-post-thumbnail","hentry"],"acf":[],"yoast_head":"<!-- This site is optimized with the Yoast SEO plugin v27.5 - https:\/\/yoast.com\/product\/yoast-seo-wordpress\/ -->\n<title>Les travaux - Projet Sanlo aux Philippines<\/title>\n<meta name=\"description\" content=\"Revenir \u00e0 la page d&#039;accueil L&#039;objectif vis\u00e9 est de terminer les travaux n\u00e9cessaires d&#039;ici 2029-30 pour r\u00e9pondre \u00e0 un triple besoin : Proposer un panel de\" \/>\n<meta name=\"robots\" content=\"index, follow, max-snippet:-1, max-image-preview:large, max-video-preview:-1\" \/>\n<link rel=\"canonical\" href=\"https:\/\/sanlo-project.chemin-neuf.org\/fr\/travaux\/\" \/>\n<meta property=\"og:locale\" content=\"fr_FR\" \/>\n<meta property=\"og:type\" content=\"article\" \/>\n<meta property=\"og:title\" content=\"Les travaux - Projet Sanlo aux Philippines\" \/>\n<meta property=\"og:description\" content=\"Revenir \u00e0 la page d&#039;accueil L&#039;objectif vis\u00e9 est de terminer les travaux n\u00e9cessaires d&#039;ici 2029-30 pour r\u00e9pondre \u00e0 un triple besoin : Proposer un panel de\" \/>\n<meta property=\"og:url\" content=\"https:\/\/sanlo-project.chemin-neuf.org\/fr\/travaux\/\" \/>\n<meta property=\"og:site_name\" content=\"Projet Sanlo aux Philippines\" \/>\n<meta property=\"article:modified_time\" content=\"2026-03-18T09:07:13+00:00\" \/>\n<meta property=\"og:image\" content=\"https:\/\/sanlo-project.chemin-neuf.org\/wp-content\/uploads\/2026\/03\/LES-TRAVEAUX-PREVUS-photo-principale-scaled.jpeg\" \/>\n\t<meta property=\"og:image:width\" content=\"2560\" \/>\n\t<meta property=\"og:image:height\" content=\"1920\" \/>\n\t<meta property=\"og:image:type\" content=\"image\/jpeg\" \/>\n<meta name=\"twitter:card\" content=\"summary_large_image\" \/>\n<meta name=\"twitter:label1\" content=\"Dur\u00e9e de lecture est.\" \/>\n\t<meta name=\"twitter:data1\" content=\"3 minutes\" \/>\n<script type=\"application\/ld+json\" class=\"yoast-schema-graph\">{\"@context\":\"https:\\\/\\\/schema.org\",\"@graph\":[{\"@type\":\"WebPage\",\"@id\":\"https:\\\/\\\/sanlo-project.chemin-neuf.org\\\/fr\\\/travaux\\\/\",\"url\":\"https:\\\/\\\/sanlo-project.chemin-neuf.org\\\/fr\\\/travaux\\\/\",\"name\":\"Les travaux - Projet Sanlo aux Philippines\",\"isPartOf\":{\"@id\":\"https:\\\/\\\/sanlo-project.chemin-neuf.org\\\/fr\\\/#website\"},\"primaryImageOfPage\":{\"@id\":\"https:\\\/\\\/sanlo-project.chemin-neuf.org\\\/fr\\\/travaux\\\/#primaryimage\"},\"image\":{\"@id\":\"https:\\\/\\\/sanlo-project.chemin-neuf.org\\\/fr\\\/travaux\\\/#primaryimage\"},\"thumbnailUrl\":\"https:\\\/\\\/sanlo-project.chemin-neuf.org\\\/wp-content\\\/uploads\\\/2026\\\/03\\\/LES-TRAVEAUX-PREVUS-photo-principale-scaled.jpeg\",\"datePublished\":\"2026-02-04T09:52:46+00:00\",\"dateModified\":\"2026-03-18T09:07:13+00:00\",\"description\":\"Revenir \u00e0 la page d'accueil L'objectif vis\u00e9 est de terminer les travaux n\u00e9cessaires d'ici 2029-30 pour r\u00e9pondre \u00e0 un triple besoin : Proposer un panel de\",\"breadcrumb\":{\"@id\":\"https:\\\/\\\/sanlo-project.chemin-neuf.org\\\/fr\\\/travaux\\\/#breadcrumb\"},\"inLanguage\":\"fr-BE\",\"potentialAction\":[{\"@type\":\"ReadAction\",\"target\":[\"https:\\\/\\\/sanlo-project.chemin-neuf.org\\\/fr\\\/travaux\\\/\"]}]},{\"@type\":\"ImageObject\",\"inLanguage\":\"fr-BE\",\"@id\":\"https:\\\/\\\/sanlo-project.chemin-neuf.org\\\/fr\\\/travaux\\\/#primaryimage\",\"url\":\"https:\\\/\\\/sanlo-project.chemin-neuf.org\\\/wp-content\\\/uploads\\\/2026\\\/03\\\/LES-TRAVEAUX-PREVUS-photo-principale-scaled.jpeg\",\"contentUrl\":\"https:\\\/\\\/sanlo-project.chemin-neuf.org\\\/wp-content\\\/uploads\\\/2026\\\/03\\\/LES-TRAVEAUX-PREVUS-photo-principale-scaled.jpeg\",\"width\":2560,\"height\":1920},{\"@type\":\"BreadcrumbList\",\"@id\":\"https:\\\/\\\/sanlo-project.chemin-neuf.org\\\/fr\\\/travaux\\\/#breadcrumb\",\"itemListElement\":[{\"@type\":\"ListItem\",\"position\":1,\"name\":\"Home\",\"item\":\"https:\\\/\\\/sanlo-project.chemin-neuf.org\\\/fr\\\/\"},{\"@type\":\"ListItem\",\"position\":2,\"name\":\"Les travaux\"}]},{\"@type\":\"WebSite\",\"@id\":\"https:\\\/\\\/sanlo-project.chemin-neuf.org\\\/fr\\\/#website\",\"url\":\"https:\\\/\\\/sanlo-project.chemin-neuf.org\\\/fr\\\/\",\"name\":\"Projet Sanlo aux Philippines\",\"description\":\"Projet Sanlo aux Philippines avec la Communaut\u00e9 du Chemin Neuf\",\"potentialAction\":[{\"@type\":\"SearchAction\",\"target\":{\"@type\":\"EntryPoint\",\"urlTemplate\":\"https:\\\/\\\/sanlo-project.chemin-neuf.org\\\/fr\\\/?s={search_term_string}\"},\"query-input\":{\"@type\":\"PropertyValueSpecification\",\"valueRequired\":true,\"valueName\":\"search_term_string\"}}],\"inLanguage\":\"fr-BE\"}]}<\/script>\n<!-- \/ Yoast SEO plugin. -->","yoast_head_json":{"title":"Les travaux - Projet Sanlo aux Philippines","description":"Revenir \u00e0 la page d'accueil L'objectif vis\u00e9 est de terminer les travaux n\u00e9cessaires d'ici 2029-30 pour r\u00e9pondre \u00e0 un triple besoin : Proposer un panel de","robots":{"index":"index","follow":"follow","max-snippet":"max-snippet:-1","max-image-preview":"max-image-preview:large","max-video-preview":"max-video-preview:-1"},"canonical":"https:\/\/sanlo-project.chemin-neuf.org\/fr\/travaux\/","og_locale":"fr_FR","og_type":"article","og_title":"Les travaux - Projet Sanlo aux Philippines","og_description":"Revenir \u00e0 la page d'accueil L'objectif vis\u00e9 est de terminer les travaux n\u00e9cessaires d'ici 2029-30 pour r\u00e9pondre \u00e0 un triple besoin : Proposer un panel de","og_url":"https:\/\/sanlo-project.chemin-neuf.org\/fr\/travaux\/","og_site_name":"Projet Sanlo aux Philippines","article_modified_time":"2026-03-18T09:07:13+00:00","og_image":[{"width":2560,"height":1920,"url":"https:\/\/sanlo-project.chemin-neuf.org\/wp-content\/uploads\/2026\/03\/LES-TRAVEAUX-PREVUS-photo-principale-scaled.jpeg","type":"image\/jpeg"}],"twitter_card":"summary_large_image","twitter_misc":{"Dur\u00e9e de lecture est.":"3 minutes"},"schema":{"@context":"https:\/\/schema.org","@graph":[{"@type":"WebPage","@id":"https:\/\/sanlo-project.chemin-neuf.org\/fr\/travaux\/","url":"https:\/\/sanlo-project.chemin-neuf.org\/fr\/travaux\/","name":"Les travaux - Projet Sanlo aux Philippines","isPartOf":{"@id":"https:\/\/sanlo-project.chemin-neuf.org\/fr\/#website"},"primaryImageOfPage":{"@id":"https:\/\/sanlo-project.chemin-neuf.org\/fr\/travaux\/#primaryimage"},"image":{"@id":"https:\/\/sanlo-project.chemin-neuf.org\/fr\/travaux\/#primaryimage"},"thumbnailUrl":"https:\/\/sanlo-project.chemin-neuf.org\/wp-content\/uploads\/2026\/03\/LES-TRAVEAUX-PREVUS-photo-principale-scaled.jpeg","datePublished":"2026-02-04T09:52:46+00:00","dateModified":"2026-03-18T09:07:13+00:00","description":"Revenir \u00e0 la page d'accueil L'objectif vis\u00e9 est de terminer les travaux n\u00e9cessaires d'ici 2029-30 pour r\u00e9pondre \u00e0 un triple besoin : Proposer un panel de","breadcrumb":{"@id":"https:\/\/sanlo-project.chemin-neuf.org\/fr\/travaux\/#breadcrumb"},"inLanguage":"fr-BE","potentialAction":[{"@type":"ReadAction","target":["https:\/\/sanlo-project.chemin-neuf.org\/fr\/travaux\/"]}]},{"@type":"ImageObject","inLanguage":"fr-BE","@id":"https:\/\/sanlo-project.chemin-neuf.org\/fr\/travaux\/#primaryimage","url":"https:\/\/sanlo-project.chemin-neuf.org\/wp-content\/uploads\/2026\/03\/LES-TRAVEAUX-PREVUS-photo-principale-scaled.jpeg","contentUrl":"https:\/\/sanlo-project.chemin-neuf.org\/wp-content\/uploads\/2026\/03\/LES-TRAVEAUX-PREVUS-photo-principale-scaled.jpeg","width":2560,"height":1920},{"@type":"BreadcrumbList","@id":"https:\/\/sanlo-project.chemin-neuf.org\/fr\/travaux\/#breadcrumb","itemListElement":[{"@type":"ListItem","position":1,"name":"Home","item":"https:\/\/sanlo-project.chemin-neuf.org\/fr\/"},{"@type":"ListItem","position":2,"name":"Les travaux"}]},{"@type":"WebSite","@id":"https:\/\/sanlo-project.chemin-neuf.org\/fr\/#website","url":"https:\/\/sanlo-project.chemin-neuf.org\/fr\/","name":"Projet Sanlo aux Philippines","description":"Projet Sanlo aux Philippines avec la Communaut\u00e9 du Chemin Neuf","potentialAction":[{"@type":"SearchAction","target":{"@type":"EntryPoint","urlTemplate":"https:\/\/sanlo-project.chemin-neuf.org\/fr\/?s={search_term_string}"},"query-input":{"@type":"PropertyValueSpecification","valueRequired":true,"valueName":"search_term_string"}}],"inLanguage":"fr-BE"}]}},"_links":{"self":[{"href":"https:\/\/sanlo-project.chemin-neuf.org\/fr\/wp-json\/wp\/v2\/pages\/81251","targetHints":{"allow":["GET"]}}],"collection":[{"href":"https:\/\/sanlo-project.chemin-neuf.org\/fr\/wp-json\/wp\/v2\/pages"}],"about":[{"href":"https:\/\/sanlo-project.chemin-neuf.org\/fr\/wp-json\/wp\/v2\/types\/page"}],"author":[{"embeddable":true,"href":"https:\/\/sanlo-project.chemin-neuf.org\/fr\/wp-json\/wp\/v2\/users\/12"}],"replies":[{"embeddable":true,"href":"https:\/\/sanlo-project.chemin-neuf.org\/fr\/wp-json\/wp\/v2\/comments?post=81251"}],"version-history":[{"count":21,"href":"https:\/\/sanlo-project.chemin-neuf.org\/fr\/wp-json\/wp\/v2\/pages\/81251\/revisions"}],"predecessor-version":[{"id":83320,"href":"https:\/\/sanlo-project.chemin-neuf.org\/fr\/wp-json\/wp\/v2\/pages\/81251\/revisions\/83320"}],"wp:featuredmedia":[{"embeddable":true,"href":"https:\/\/sanlo-project.chemin-neuf.org\/fr\/wp-json\/wp\/v2\/media\/83089"}],"wp:attachment":[{"href":"https:\/\/sanlo-project.chemin-neuf.org\/fr\/wp-json\/wp\/v2\/media?parent=81251"}],"curies":[{"name":"wp","href":"https:\/\/api.w.org\/{rel}","templated":true}]}}