{"id":81198,"date":"2026-02-04T10:51:24","date_gmt":"2026-02-04T09:51:24","guid":{"rendered":"https:\/\/www.chemin-neuf.org\/?page_id=81198"},"modified":"2026-03-12T14:29:39","modified_gmt":"2026-03-12T13:29:39","slug":"genese-projet-sanlo","status":"publish","type":"page","link":"https:\/\/sanlo-project.chemin-neuf.org\/fr\/genese-projet-sanlo\/","title":{"rendered":"Gen\u00e8se du projet"},"content":{"rendered":"\n<h3 class=\"wp-block-heading alignwide has-text-align-center has-extra-large-font-size\"><mark style=\"background-color:rgba(0, 0, 0, 0)\" class=\"has-inline-color has-black-color\">San Lo Village<\/mark><\/h3>\n\n\n\n<div class=\"wp-block-buttons alignwide is-content-justification-center is-layout-flex wp-container-core-buttons-is-layout-16018d1d wp-block-buttons-is-layout-flex\">\n<div class=\"wp-block-button\"><a class=\"wp-block-button__link has-black-color has-gray-background-color has-text-color has-background has-link-color wp-element-button\" href=\"https:\/\/sanlo-project.chemin-neuf.org\/sanlo-village\/\">Revenir \u00e0 la page d&rsquo;accueil<\/a><\/div>\n<\/div>\n\n\n\n<p><strong>Lors des JMJ de Paris en 1997<\/strong>, de jeunes Philippins participent \u00e0 des rassemblements organis\u00e9s par la Communaut\u00e9 du Chemin Neuf. Des liens se tissent depuis et la Communaut\u00e9 organise des retraites et des \u00e9v\u00e9nements pour ces jeunes \u00e0 Manille.<\/p>\n\n\n\n<p><strong>En 2012, l&rsquo;archev\u00eaque de Manille, le cardinal Gaudencio Borbon Rosales, <\/strong>invite la Communaut\u00e9 \u00e0 prendre en charge une maison d&rsquo;\u00e9tudiants au c\u0153ur de Manille : le Centre Catholique des \u00c9tudiants San Lorenzo Ruiz. <strong>Le cardinal Luis Antonio Tagle <\/strong>accueille et installe les fr\u00e8res et s\u0153urs en 2013 qui, depuis, g\u00e8rent ce foyer situ\u00e9 dans un quartier populaire et surpeupl\u00e9 comprenant plusieurs bidonvilles.<\/p>\n\n\n\n<figure class=\"wp-block-image size-large\"><img loading=\"lazy\" decoding=\"async\" width=\"1024\" height=\"615\" src=\"https:\/\/sanlo-project.chemin-neuf.org\/wp-content\/uploads\/2026\/02\/Sans-titre-1024x615.jpeg\" alt=\"\" class=\"wp-image-81225\" srcset=\"https:\/\/sanlo-project.chemin-neuf.org\/wp-content\/uploads\/2026\/02\/Sans-titre-1024x615.jpeg 1024w, https:\/\/sanlo-project.chemin-neuf.org\/wp-content\/uploads\/2026\/02\/Sans-titre-768x461.jpeg 768w, https:\/\/sanlo-project.chemin-neuf.org\/wp-content\/uploads\/2026\/02\/Sans-titre-1536x922.jpeg 1536w, https:\/\/sanlo-project.chemin-neuf.org\/wp-content\/uploads\/2026\/02\/Sans-titre-2048x1230.jpeg 2048w\" sizes=\"auto, (max-width: 1024px) 100vw, 1024px\" \/><\/figure>\n\n\n\n<p><strong>De 2013 \u00e0 d\u00e9but 2020, <\/strong>la mission de la Communaut\u00e9 de Manille se d\u00e9veloppe principalement autour de la gestion du foyer et de la pastorale men\u00e9e aupr\u00e8s des \u00e9tudiants accueillis chaque ann\u00e9e jusqu\u2019au nombre de 250.<\/p>\n\n\n\n<figure class=\"wp-block-gallery has-nested-images columns-default is-cropped wp-block-gallery-1 is-layout-flex wp-block-gallery-is-layout-flex\">\n<figure class=\"wp-block-image size-large\"><img loading=\"lazy\" decoding=\"async\" width=\"1024\" height=\"683\" data-id=\"82988\" src=\"https:\/\/sanlo-project.chemin-neuf.org\/wp-content\/uploads\/2026\/03\/Genese-du-projet-photo-secondaire-2-1024x683.jpeg\" alt=\"\" class=\"wp-image-82988\" srcset=\"https:\/\/sanlo-project.chemin-neuf.org\/wp-content\/uploads\/2026\/03\/Genese-du-projet-photo-secondaire-2-1024x683.jpeg 1024w, https:\/\/sanlo-project.chemin-neuf.org\/wp-content\/uploads\/2026\/03\/Genese-du-projet-photo-secondaire-2-768x512.jpeg 768w, https:\/\/sanlo-project.chemin-neuf.org\/wp-content\/uploads\/2026\/03\/Genese-du-projet-photo-secondaire-2.jpeg 1079w\" sizes=\"auto, (max-width: 1024px) 100vw, 1024px\" \/><\/figure>\n\n\n\n<figure class=\"wp-block-image size-large\"><img loading=\"lazy\" decoding=\"async\" width=\"1024\" height=\"768\" data-id=\"83000\" src=\"https:\/\/sanlo-project.chemin-neuf.org\/wp-content\/uploads\/2026\/03\/Genese-du-projet-photo-secondaire-1024x768.jpeg\" alt=\"\" class=\"wp-image-83000\" srcset=\"https:\/\/sanlo-project.chemin-neuf.org\/wp-content\/uploads\/2026\/03\/Genese-du-projet-photo-secondaire-1024x768.jpeg 1024w, https:\/\/sanlo-project.chemin-neuf.org\/wp-content\/uploads\/2026\/03\/Genese-du-projet-photo-secondaire-768x576.jpeg 768w, https:\/\/sanlo-project.chemin-neuf.org\/wp-content\/uploads\/2026\/03\/Genese-du-projet-photo-secondaire-1536x1152.jpeg 1536w, https:\/\/sanlo-project.chemin-neuf.org\/wp-content\/uploads\/2026\/03\/Genese-du-projet-photo-secondaire-2048x1536.jpeg 2048w\" sizes=\"auto, (max-width: 1024px) 100vw, 1024px\" \/><\/figure>\n<\/figure>\n\n\n\n<p><strong>Durant la pand\u00e9mie<\/strong>, les restrictions obligent \u00e0 fermer le foyer. La plupart des Philippins se retrouvent en grande d\u00e9tresse. Les membres de la Communaut\u00e9 du Chemin Neuf d\u00e9cident alors d\u2019ouvrir leurs portes pour accompagner une population livr\u00e9e \u00e0 elle-m\u00eame.<\/p>\n\n\n\n<p><strong>Encourag\u00e9s par l\u2019\u00e9v\u00eaque<\/strong>, <strong>les fr\u00e8res et <\/strong><strong>s\u0153urs de la Communaut\u00e9 accueillent les enfants <\/strong><strong>des rues \u00e0 SanLo <\/strong>et r\u00e9pondent \u00e0 leurs premiers besoins. Ils sont l\u00e0 \u00e9galement pour jouer avec eux, cr\u00e9er des liens et leur permettre un rattrapage scolaire. Pour ces enfants des rues, l\u2019\u00e9cole est la principale chance de socialisation.<\/p>\n\n\n\n<figure class=\"wp-block-image size-large\"><img loading=\"lazy\" decoding=\"async\" width=\"1024\" height=\"610\" src=\"https:\/\/sanlo-project.chemin-neuf.org\/wp-content\/uploads\/2026\/02\/Sans-titre-2-1024x610.jpeg\" alt=\"\" class=\"wp-image-81237\" srcset=\"https:\/\/sanlo-project.chemin-neuf.org\/wp-content\/uploads\/2026\/02\/Sans-titre-2-1024x610.jpeg 1024w, https:\/\/sanlo-project.chemin-neuf.org\/wp-content\/uploads\/2026\/02\/Sans-titre-2-768x457.jpeg 768w, https:\/\/sanlo-project.chemin-neuf.org\/wp-content\/uploads\/2026\/02\/Sans-titre-2-1536x915.jpeg 1536w, https:\/\/sanlo-project.chemin-neuf.org\/wp-content\/uploads\/2026\/02\/Sans-titre-2-2048x1220.jpeg 2048w\" sizes=\"auto, (max-width: 1024px) 100vw, 1024px\" \/><\/figure>\n\n\n\n<p><strong>La vision missionnaire du village de SanLo se pr\u00e9cise et se d\u00e9veloppe petit \u00e0 petit. <\/strong>Des \u00e9quipes visitent les familles dans les bidonvilles, et les liens se renforcent peu \u00e0 peu. Des formations \u00e0 la responsabilit\u00e9 parentale et des ateliers pratiques d\u2019aide \u00e0 l\u2019autonomie \u00e9conomique leur sont ensuite propos\u00e9s.<\/p>\n\n\n\n<figure class=\"wp-block-gallery has-nested-images columns-default is-cropped wp-block-gallery-2 is-layout-flex wp-block-gallery-is-layout-flex\">\n<figure class=\"wp-block-image size-large\"><img loading=\"lazy\" decoding=\"async\" width=\"1024\" height=\"768\" data-id=\"83036\" src=\"https:\/\/sanlo-project.chemin-neuf.org\/wp-content\/uploads\/2026\/03\/Genese-projet-photo-secondaire-1-1024x768.jpeg\" alt=\"\" class=\"wp-image-83036\" srcset=\"https:\/\/sanlo-project.chemin-neuf.org\/wp-content\/uploads\/2026\/03\/Genese-projet-photo-secondaire-1-1024x768.jpeg 1024w, https:\/\/sanlo-project.chemin-neuf.org\/wp-content\/uploads\/2026\/03\/Genese-projet-photo-secondaire-1-768x576.jpeg 768w, https:\/\/sanlo-project.chemin-neuf.org\/wp-content\/uploads\/2026\/03\/Genese-projet-photo-secondaire-1-1536x1152.jpeg 1536w, https:\/\/sanlo-project.chemin-neuf.org\/wp-content\/uploads\/2026\/03\/Genese-projet-photo-secondaire-1-2048x1536.jpeg 2048w\" sizes=\"auto, (max-width: 1024px) 100vw, 1024px\" \/><\/figure>\n\n\n\n<figure class=\"wp-block-image size-large\"><img loading=\"lazy\" decoding=\"async\" width=\"1024\" height=\"768\" data-id=\"83041\" src=\"https:\/\/sanlo-project.chemin-neuf.org\/wp-content\/uploads\/2026\/03\/Genese-du-projet-photo-secondaire-3-1024x768.jpeg\" alt=\"\" class=\"wp-image-83041\" srcset=\"https:\/\/sanlo-project.chemin-neuf.org\/wp-content\/uploads\/2026\/03\/Genese-du-projet-photo-secondaire-3-1024x768.jpeg 1024w, https:\/\/sanlo-project.chemin-neuf.org\/wp-content\/uploads\/2026\/03\/Genese-du-projet-photo-secondaire-3-768x576.jpeg 768w, https:\/\/sanlo-project.chemin-neuf.org\/wp-content\/uploads\/2026\/03\/Genese-du-projet-photo-secondaire-3-1536x1152.jpeg 1536w, https:\/\/sanlo-project.chemin-neuf.org\/wp-content\/uploads\/2026\/03\/Genese-du-projet-photo-secondaire-3-2048x1536.jpeg 2048w\" sizes=\"auto, (max-width: 1024px) 100vw, 1024px\" \/><\/figure>\n<\/figure>\n\n\n\n<p><strong>Entre 2013 et 2024, la Communaut\u00e9 proc\u00e8de avec ses propres moyens cr\u00e9atifs \u00e0 une s\u00e9rie de rafraichissements d\u2019un certain nombre de pi\u00e8ces dans les trois b\u00e2timents<\/strong>: peintures, r\u00e9parations, am\u00e9nagements int\u00e9rieurs, etc.<\/p>\n\n\n\n<figure class=\"wp-block-image size-large\"><img loading=\"lazy\" decoding=\"async\" width=\"1024\" height=\"351\" src=\"https:\/\/sanlo-project.chemin-neuf.org\/wp-content\/uploads\/2026\/02\/Sans-titre3-1024x351.jpeg\" alt=\"\" class=\"wp-image-81254\" srcset=\"https:\/\/sanlo-project.chemin-neuf.org\/wp-content\/uploads\/2026\/02\/Sans-titre3-1024x351.jpeg 1024w, https:\/\/sanlo-project.chemin-neuf.org\/wp-content\/uploads\/2026\/02\/Sans-titre3-768x263.jpeg 768w, https:\/\/sanlo-project.chemin-neuf.org\/wp-content\/uploads\/2026\/02\/Sans-titre3-1536x526.jpeg 1536w, https:\/\/sanlo-project.chemin-neuf.org\/wp-content\/uploads\/2026\/02\/Sans-titre3-2048x702.jpeg 2048w\" sizes=\"auto, (max-width: 1024px) 100vw, 1024px\" \/><\/figure>\n\n\n\n<p><strong>Aujourd&rsquo;hui, apr\u00e8s avoir accueilli des \u00e9tudiants de toutes les Philippines pendant 40 ann\u00e9es, le complexe immobilier de SanLo a besoin d&rsquo;une r\u00e9novation et d&rsquo;un r\u00e9am\u00e9nagement profond <\/strong>pour pouvoir poursuivre et d\u00e9velopper les missions d\u2019accueil des jeunes, des enfants des rues et de leurs familles dans un h\u00e9bergement s\u00e9curis\u00e9 et confortable. Nous avons besoin de votre aide pour ce projet.<\/p>\n\n\n\n<div class=\"wp-block-buttons is-content-justification-center is-layout-flex wp-container-core-buttons-is-layout-e1485a7b wp-block-buttons-is-layout-flex\">\n<div class=\"wp-block-button\"><a class=\"wp-block-button__link has-black-color has-gray-background-color has-text-color has-background has-link-color wp-element-button\" href=\"https:\/\/sanlo-project.chemin-neuf.org\/vision\/\">D\u00e9couvrir la vision<\/a><\/div>\n<\/div>\n\n\n\n<div style=\"height:30px\" aria-hidden=\"true\" class=\"wp-block-spacer\"><\/div>\n","protected":false},"excerpt":{"rendered":"<p>San Lo Village Lors des JMJ de Paris en 1997, de jeunes Philippins participent \u00e0 des rassemblements organis\u00e9s par la Communaut\u00e9 du Chemin Neuf. Des liens se tissent depuis et la Communaut\u00e9 organise des retraites et des \u00e9v\u00e9nements pour ces jeunes \u00e0 Manille. En 2012, l&rsquo;archev\u00eaque de Manille, le cardinal Gaudencio Borbon Rosales, invite la [&hellip;]<\/p>\n","protected":false},"author":12,"featured_media":82975,"parent":0,"menu_order":1,"comment_status":"closed","ping_status":"closed","template":"","meta":{"_acf_changed":false,"footnotes":""},"class_list":["post-81198","page","type-page","status-publish","has-post-thumbnail","hentry"],"acf":[],"yoast_head":"<!-- This site is optimized with the Yoast SEO plugin v27.5 - https:\/\/yoast.com\/product\/yoast-seo-wordpress\/ -->\n<title>Gen\u00e8se du projet - Projet Sanlo aux Philippines<\/title>\n<meta name=\"description\" content=\"San Lo Village Revenir \u00e0 la page d&#039;accueil Lors des JMJ de Paris en 1997, de jeunes Philippins participent \u00e0 des rassemblements organis\u00e9s par la\" \/>\n<meta name=\"robots\" content=\"index, follow, max-snippet:-1, max-image-preview:large, max-video-preview:-1\" \/>\n<link rel=\"canonical\" href=\"https:\/\/sanlo-project.chemin-neuf.org\/fr\/genese-projet-sanlo\/\" \/>\n<meta property=\"og:locale\" content=\"fr_FR\" \/>\n<meta property=\"og:type\" content=\"article\" \/>\n<meta property=\"og:title\" content=\"Gen\u00e8se du projet - Projet Sanlo aux Philippines\" \/>\n<meta property=\"og:description\" content=\"San Lo Village Revenir \u00e0 la page d&#039;accueil Lors des JMJ de Paris en 1997, de jeunes Philippins participent \u00e0 des rassemblements organis\u00e9s par la\" \/>\n<meta property=\"og:url\" content=\"https:\/\/sanlo-project.chemin-neuf.org\/fr\/genese-projet-sanlo\/\" \/>\n<meta property=\"og:site_name\" content=\"Projet Sanlo aux Philippines\" \/>\n<meta property=\"article:modified_time\" content=\"2026-03-12T13:29:39+00:00\" \/>\n<meta property=\"og:image\" content=\"https:\/\/sanlo-project.chemin-neuf.org\/wp-content\/uploads\/2026\/03\/GENESE-DU-PROJET-photo-principale.jpeg\" \/>\n\t<meta property=\"og:image:width\" content=\"1280\" \/>\n\t<meta property=\"og:image:height\" content=\"771\" \/>\n\t<meta property=\"og:image:type\" content=\"image\/jpeg\" \/>\n<meta name=\"twitter:card\" content=\"summary_large_image\" \/>\n<meta name=\"twitter:label1\" content=\"Dur\u00e9e de lecture est.\" \/>\n\t<meta name=\"twitter:data1\" content=\"4 minutes\" \/>\n<script type=\"application\/ld+json\" class=\"yoast-schema-graph\">{\"@context\":\"https:\\\/\\\/schema.org\",\"@graph\":[{\"@type\":\"WebPage\",\"@id\":\"https:\\\/\\\/sanlo-project.chemin-neuf.org\\\/fr\\\/genese-projet-sanlo\\\/\",\"url\":\"https:\\\/\\\/sanlo-project.chemin-neuf.org\\\/fr\\\/genese-projet-sanlo\\\/\",\"name\":\"Gen\u00e8se du projet - Projet Sanlo aux Philippines\",\"isPartOf\":{\"@id\":\"https:\\\/\\\/sanlo-project.chemin-neuf.org\\\/fr\\\/#website\"},\"primaryImageOfPage\":{\"@id\":\"https:\\\/\\\/sanlo-project.chemin-neuf.org\\\/fr\\\/genese-projet-sanlo\\\/#primaryimage\"},\"image\":{\"@id\":\"https:\\\/\\\/sanlo-project.chemin-neuf.org\\\/fr\\\/genese-projet-sanlo\\\/#primaryimage\"},\"thumbnailUrl\":\"https:\\\/\\\/sanlo-project.chemin-neuf.org\\\/wp-content\\\/uploads\\\/2026\\\/03\\\/GENESE-DU-PROJET-photo-principale.jpeg\",\"datePublished\":\"2026-02-04T09:51:24+00:00\",\"dateModified\":\"2026-03-12T13:29:39+00:00\",\"description\":\"San Lo Village Revenir \u00e0 la page d'accueil Lors des JMJ de Paris en 1997, de jeunes Philippins participent \u00e0 des rassemblements organis\u00e9s par la\",\"breadcrumb\":{\"@id\":\"https:\\\/\\\/sanlo-project.chemin-neuf.org\\\/fr\\\/genese-projet-sanlo\\\/#breadcrumb\"},\"inLanguage\":\"fr-BE\",\"potentialAction\":[{\"@type\":\"ReadAction\",\"target\":[\"https:\\\/\\\/sanlo-project.chemin-neuf.org\\\/fr\\\/genese-projet-sanlo\\\/\"]}]},{\"@type\":\"ImageObject\",\"inLanguage\":\"fr-BE\",\"@id\":\"https:\\\/\\\/sanlo-project.chemin-neuf.org\\\/fr\\\/genese-projet-sanlo\\\/#primaryimage\",\"url\":\"https:\\\/\\\/sanlo-project.chemin-neuf.org\\\/wp-content\\\/uploads\\\/2026\\\/03\\\/GENESE-DU-PROJET-photo-principale.jpeg\",\"contentUrl\":\"https:\\\/\\\/sanlo-project.chemin-neuf.org\\\/wp-content\\\/uploads\\\/2026\\\/03\\\/GENESE-DU-PROJET-photo-principale.jpeg\",\"width\":1280,\"height\":771},{\"@type\":\"BreadcrumbList\",\"@id\":\"https:\\\/\\\/sanlo-project.chemin-neuf.org\\\/fr\\\/genese-projet-sanlo\\\/#breadcrumb\",\"itemListElement\":[{\"@type\":\"ListItem\",\"position\":1,\"name\":\"Home\",\"item\":\"https:\\\/\\\/sanlo-project.chemin-neuf.org\\\/fr\\\/\"},{\"@type\":\"ListItem\",\"position\":2,\"name\":\"Gen\u00e8se du projet\"}]},{\"@type\":\"WebSite\",\"@id\":\"https:\\\/\\\/sanlo-project.chemin-neuf.org\\\/fr\\\/#website\",\"url\":\"https:\\\/\\\/sanlo-project.chemin-neuf.org\\\/fr\\\/\",\"name\":\"Projet Sanlo aux Philippines\",\"description\":\"Projet Sanlo aux Philippines avec la Communaut\u00e9 du Chemin Neuf\",\"potentialAction\":[{\"@type\":\"SearchAction\",\"target\":{\"@type\":\"EntryPoint\",\"urlTemplate\":\"https:\\\/\\\/sanlo-project.chemin-neuf.org\\\/fr\\\/?s={search_term_string}\"},\"query-input\":{\"@type\":\"PropertyValueSpecification\",\"valueRequired\":true,\"valueName\":\"search_term_string\"}}],\"inLanguage\":\"fr-BE\"}]}<\/script>\n<!-- \/ Yoast SEO plugin. -->","yoast_head_json":{"title":"Gen\u00e8se du projet - Projet Sanlo aux Philippines","description":"San Lo Village Revenir \u00e0 la page d'accueil Lors des JMJ de Paris en 1997, de jeunes Philippins participent \u00e0 des rassemblements organis\u00e9s par la","robots":{"index":"index","follow":"follow","max-snippet":"max-snippet:-1","max-image-preview":"max-image-preview:large","max-video-preview":"max-video-preview:-1"},"canonical":"https:\/\/sanlo-project.chemin-neuf.org\/fr\/genese-projet-sanlo\/","og_locale":"fr_FR","og_type":"article","og_title":"Gen\u00e8se du projet - Projet Sanlo aux Philippines","og_description":"San Lo Village Revenir \u00e0 la page d'accueil Lors des JMJ de Paris en 1997, de jeunes Philippins participent \u00e0 des rassemblements organis\u00e9s par la","og_url":"https:\/\/sanlo-project.chemin-neuf.org\/fr\/genese-projet-sanlo\/","og_site_name":"Projet Sanlo aux Philippines","article_modified_time":"2026-03-12T13:29:39+00:00","og_image":[{"width":1280,"height":771,"url":"https:\/\/sanlo-project.chemin-neuf.org\/wp-content\/uploads\/2026\/03\/GENESE-DU-PROJET-photo-principale.jpeg","type":"image\/jpeg"}],"twitter_card":"summary_large_image","twitter_misc":{"Dur\u00e9e de lecture est.":"4 minutes"},"schema":{"@context":"https:\/\/schema.org","@graph":[{"@type":"WebPage","@id":"https:\/\/sanlo-project.chemin-neuf.org\/fr\/genese-projet-sanlo\/","url":"https:\/\/sanlo-project.chemin-neuf.org\/fr\/genese-projet-sanlo\/","name":"Gen\u00e8se du projet - Projet Sanlo aux Philippines","isPartOf":{"@id":"https:\/\/sanlo-project.chemin-neuf.org\/fr\/#website"},"primaryImageOfPage":{"@id":"https:\/\/sanlo-project.chemin-neuf.org\/fr\/genese-projet-sanlo\/#primaryimage"},"image":{"@id":"https:\/\/sanlo-project.chemin-neuf.org\/fr\/genese-projet-sanlo\/#primaryimage"},"thumbnailUrl":"https:\/\/sanlo-project.chemin-neuf.org\/wp-content\/uploads\/2026\/03\/GENESE-DU-PROJET-photo-principale.jpeg","datePublished":"2026-02-04T09:51:24+00:00","dateModified":"2026-03-12T13:29:39+00:00","description":"San Lo Village Revenir \u00e0 la page d'accueil Lors des JMJ de Paris en 1997, de jeunes Philippins participent \u00e0 des rassemblements organis\u00e9s par la","breadcrumb":{"@id":"https:\/\/sanlo-project.chemin-neuf.org\/fr\/genese-projet-sanlo\/#breadcrumb"},"inLanguage":"fr-BE","potentialAction":[{"@type":"ReadAction","target":["https:\/\/sanlo-project.chemin-neuf.org\/fr\/genese-projet-sanlo\/"]}]},{"@type":"ImageObject","inLanguage":"fr-BE","@id":"https:\/\/sanlo-project.chemin-neuf.org\/fr\/genese-projet-sanlo\/#primaryimage","url":"https:\/\/sanlo-project.chemin-neuf.org\/wp-content\/uploads\/2026\/03\/GENESE-DU-PROJET-photo-principale.jpeg","contentUrl":"https:\/\/sanlo-project.chemin-neuf.org\/wp-content\/uploads\/2026\/03\/GENESE-DU-PROJET-photo-principale.jpeg","width":1280,"height":771},{"@type":"BreadcrumbList","@id":"https:\/\/sanlo-project.chemin-neuf.org\/fr\/genese-projet-sanlo\/#breadcrumb","itemListElement":[{"@type":"ListItem","position":1,"name":"Home","item":"https:\/\/sanlo-project.chemin-neuf.org\/fr\/"},{"@type":"ListItem","position":2,"name":"Gen\u00e8se du projet"}]},{"@type":"WebSite","@id":"https:\/\/sanlo-project.chemin-neuf.org\/fr\/#website","url":"https:\/\/sanlo-project.chemin-neuf.org\/fr\/","name":"Projet Sanlo aux Philippines","description":"Projet Sanlo aux Philippines avec la Communaut\u00e9 du Chemin Neuf","potentialAction":[{"@type":"SearchAction","target":{"@type":"EntryPoint","urlTemplate":"https:\/\/sanlo-project.chemin-neuf.org\/fr\/?s={search_term_string}"},"query-input":{"@type":"PropertyValueSpecification","valueRequired":true,"valueName":"search_term_string"}}],"inLanguage":"fr-BE"}]}},"_links":{"self":[{"href":"https:\/\/sanlo-project.chemin-neuf.org\/fr\/wp-json\/wp\/v2\/pages\/81198","targetHints":{"allow":["GET"]}}],"collection":[{"href":"https:\/\/sanlo-project.chemin-neuf.org\/fr\/wp-json\/wp\/v2\/pages"}],"about":[{"href":"https:\/\/sanlo-project.chemin-neuf.org\/fr\/wp-json\/wp\/v2\/types\/page"}],"author":[{"embeddable":true,"href":"https:\/\/sanlo-project.chemin-neuf.org\/fr\/wp-json\/wp\/v2\/users\/12"}],"replies":[{"embeddable":true,"href":"https:\/\/sanlo-project.chemin-neuf.org\/fr\/wp-json\/wp\/v2\/comments?post=81198"}],"version-history":[{"count":9,"href":"https:\/\/sanlo-project.chemin-neuf.org\/fr\/wp-json\/wp\/v2\/pages\/81198\/revisions"}],"predecessor-version":[{"id":83060,"href":"https:\/\/sanlo-project.chemin-neuf.org\/fr\/wp-json\/wp\/v2\/pages\/81198\/revisions\/83060"}],"wp:featuredmedia":[{"embeddable":true,"href":"https:\/\/sanlo-project.chemin-neuf.org\/fr\/wp-json\/wp\/v2\/media\/82975"}],"wp:attachment":[{"href":"https:\/\/sanlo-project.chemin-neuf.org\/fr\/wp-json\/wp\/v2\/media?parent=81198"}],"curies":[{"name":"wp","href":"https:\/\/api.w.org\/{rel}","templated":true}]}}