{"id":81142,"date":"2026-02-04T10:55:13","date_gmt":"2026-02-04T09:55:13","guid":{"rendered":"https:\/\/www.chemin-neuf.org\/?page_id=81142"},"modified":"2026-03-18T09:48:04","modified_gmt":"2026-03-18T08:48:04","slug":"sanlo-village","status":"publish","type":"page","link":"https:\/\/sanlo-project.chemin-neuf.org\/fr\/","title":{"rendered":"Projet San Lo Village \u00e0 Manille"},"content":{"rendered":"\n<div style=\"height:40px\" aria-hidden=\"true\" class=\"wp-block-spacer\"><\/div>\n\n\n\n<p>\u201cSanLo village\u201d rassemble des fr\u00e8res et s\u0153urs de la Communaut\u00e9 du Chemin Neuf, des \u00e9tudiants, des enfants d\u00e9favoris\u00e9s et leurs familles, et des volontaires, dans un lieu unique.&nbsp; Il constitue un v\u00e9ritable \u201c<strong>village dans la ville\u201d<\/strong>.<\/p>\n\n\n\n<div style=\"height:40px\" aria-hidden=\"true\" class=\"wp-block-spacer\"><\/div>\n\n\n<!-- for each card -->\n<div class=\"cards-container multi_line columns- align-\">\n\n    <!-- scroll arrow left\/previous -->\n    \n\n    <div class=\"cards-list multi_line columns- align-\">\n\n\n                        \n            <!-- The card -->\n            <article class=\"card standard\" data-animate-onshow=\"show-card\">\n                \n                <!-- card link -->\n                <a href=\"https:\/\/sanlo-project.chemin-neuf.org\/genese-projet-sanlo\/\"\n                                        >\n\n                    <!-- card image -->\n                    <div class=\"card-image\" style=\"background: no-repeat center \/ cover url('https:\/\/sanlo-project.chemin-neuf.org\/wp-content\/uploads\/2026\/03\/GENESE-DU-PROJET-photo-principale.jpeg')\">\n                    <\/div>\n\n                    <!-- card title -->\n                    <div class=\"card-content\">\n                        <h3 class=\"card-title\">La gen\u00e8se du projet<\/h3>\n                        <p class=\"card-subtitle\"><\/p>\n                    <\/div>\n                <\/a>\n\n                \n\n            <\/article>\n\n\n                        \n            <!-- The card -->\n            <article class=\"card standard\" data-animate-onshow=\"show-card\">\n                \n                <!-- card link -->\n                <a href=\"https:\/\/sanlo-project.chemin-neuf.org\/vision\/\"\n                                        >\n\n                    <!-- card image -->\n                    <div class=\"card-image\" style=\"background: no-repeat center \/ cover url('https:\/\/sanlo-project.chemin-neuf.org\/wp-content\/uploads\/2026\/03\/LA-VISION-SAN-LO-VILLAGE-photo-principale-scaled.jpeg')\">\n                    <\/div>\n\n                    <!-- card title -->\n                    <div class=\"card-content\">\n                        <h3 class=\"card-title\">La vision San Lo Village<\/h3>\n                        <p class=\"card-subtitle\"><\/p>\n                    <\/div>\n                <\/a>\n\n                \n\n            <\/article>\n\n\n                        \n            <!-- The card -->\n            <article class=\"card standard\" data-animate-onshow=\"show-card\">\n                \n                <!-- card link -->\n                <a href=\"https:\/\/sanlo-project.chemin-neuf.org\/travaux\/\"\n                                        >\n\n                    <!-- card image -->\n                    <div class=\"card-image\" style=\"background: no-repeat center \/ cover url('https:\/\/sanlo-project.chemin-neuf.org\/wp-content\/uploads\/2026\/03\/LES-TRAVEAUX-PREVUS-photo-principale-scaled.jpeg')\">\n                    <\/div>\n\n                    <!-- card title -->\n                    <div class=\"card-content\">\n                        <h3 class=\"card-title\">Les travaux pr\u00e9vus<\/h3>\n                        <p class=\"card-subtitle\"><\/p>\n                    <\/div>\n                <\/a>\n\n                \n\n            <\/article>\n\n\n                        \n            <!-- The card -->\n            <article class=\"card standard\" data-animate-onshow=\"show-card\">\n                \n                <!-- card link -->\n                <a href=\"https:\/\/sanlo-project.chemin-neuf.org\/soutenir-le-projet-de-sanlo-village\/\"\n                                        >\n\n                    <!-- card image -->\n                    <div class=\"card-image\" style=\"background: no-repeat center \/ cover url('https:\/\/sanlo-project.chemin-neuf.org\/wp-content\/uploads\/2026\/03\/CONTACT-photo-secondaire-scaled.jpeg')\">\n                    <\/div>\n\n                    <!-- card title -->\n                    <div class=\"card-content\">\n                        <h3 class=\"card-title\">Contacts<\/h3>\n                        <p class=\"card-subtitle\"><\/p>\n                    <\/div>\n                <\/a>\n\n                \n\n            <\/article>\n\n\n        \n    <\/div>\n\n\n    <!-- scroll arrow right\/next -->\n    \n\n<\/div>\n\n\n\n\n<div style=\"height:27px\" aria-hidden=\"true\" class=\"wp-block-spacer\"><\/div>\n\n\n\n<div class=\"wp-block-columns is-layout-flex wp-container-core-columns-is-layout-9d6595d7 wp-block-columns-is-layout-flex\">\n<div class=\"wp-block-column is-layout-flow wp-block-column-is-layout-flow\">\n<div class=\"wp-block-buttons has-custom-font-size has-extra-large-font-size is-content-justification-center is-layout-flex wp-container-core-buttons-is-layout-01d21e53 wp-block-buttons-is-layout-flex\" style=\"padding-top:var(--wp--preset--spacing--70);padding-right:0;padding-bottom:var(--wp--preset--spacing--70);padding-left:0\">\n<div class=\"wp-block-button\"><a class=\"wp-block-button__link has-white-color has-orange-background-color has-text-color has-background has-link-color wp-element-button\" href=\"https:\/\/sanlo-project.chemin-neuf.org\/choix-don\/\" style=\"border-radius:50px;padding-top:var(--wp--preset--spacing--40);padding-right:var(--wp--preset--spacing--60);padding-bottom:var(--wp--preset--spacing--40);padding-left:var(--wp--preset--spacing--60)\" target=\"_blank\" rel=\"noreferrer noopener\">Faire un don<\/a><\/div>\n<\/div>\n<\/div>\n\n\n\n<div class=\"wp-block-column is-layout-flow wp-block-column-is-layout-flow\">\n<div class=\"wp-block-buttons has-custom-font-size has-extra-large-font-size is-content-justification-center is-layout-flex wp-container-core-buttons-is-layout-01d21e53 wp-block-buttons-is-layout-flex\" style=\"padding-top:var(--wp--preset--spacing--70);padding-right:0;padding-bottom:var(--wp--preset--spacing--70);padding-left:0\">\n<div class=\"wp-block-button\"><a class=\"wp-block-button__link has-white-color has-orange-background-color has-text-color has-background has-link-color wp-element-button\" href=\"https:\/\/sanlo-project.chemin-neuf.org\/simpliquer\" style=\"border-radius:50px;padding-top:var(--wp--preset--spacing--40);padding-right:var(--wp--preset--spacing--60);padding-bottom:var(--wp--preset--spacing--40);padding-left:var(--wp--preset--spacing--60)\" target=\"_blank\" rel=\"noreferrer noopener\">S&rsquo;impliquer<\/a><\/div>\n<\/div>\n<\/div>\n<\/div>\n\n\n\n<div style=\"height:31px\" aria-hidden=\"true\" class=\"wp-block-spacer\"><\/div>\n","protected":false},"excerpt":{"rendered":"<p>\u201cSanLo village\u201d rassemble des fr\u00e8res et s\u0153urs de la Communaut\u00e9 du Chemin Neuf, des \u00e9tudiants, des enfants d\u00e9favoris\u00e9s et leurs familles, et des volontaires, dans un lieu unique.&nbsp; Il constitue un v\u00e9ritable \u201cvillage dans la ville\u201d.<\/p>\n","protected":false},"author":12,"featured_media":82510,"parent":0,"menu_order":1,"comment_status":"closed","ping_status":"closed","template":"","meta":{"_acf_changed":false,"footnotes":""},"class_list":["post-81142","page","type-page","status-publish","has-post-thumbnail","hentry"],"acf":[],"yoast_head":"<!-- This site is optimized with the Yoast SEO plugin v27.5 - https:\/\/yoast.com\/product\/yoast-seo-wordpress\/ -->\n<title>Projet San Lo Village \u00e0 Manille - Projet Sanlo aux Philippines<\/title>\n<meta name=\"description\" content=\"\u201cSanLo village\u201d rassemble des fr\u00e8res et s\u0153urs de la Communaut\u00e9 du Chemin Neuf, des \u00e9tudiants, des enfants d\u00e9favoris\u00e9s et leurs familles, et des\" \/>\n<meta name=\"robots\" content=\"index, follow, max-snippet:-1, max-image-preview:large, max-video-preview:-1\" \/>\n<link rel=\"canonical\" href=\"https:\/\/sanlo-project.chemin-neuf.org\/fr\/\" \/>\n<meta property=\"og:locale\" content=\"fr_FR\" \/>\n<meta property=\"og:type\" content=\"article\" \/>\n<meta property=\"og:title\" content=\"Projet San Lo Village \u00e0 Manille - Projet Sanlo aux Philippines\" \/>\n<meta property=\"og:description\" content=\"\u201cSanLo village\u201d rassemble des fr\u00e8res et s\u0153urs de la Communaut\u00e9 du Chemin Neuf, des \u00e9tudiants, des enfants d\u00e9favoris\u00e9s et leurs familles, et des\" \/>\n<meta property=\"og:url\" content=\"https:\/\/sanlo-project.chemin-neuf.org\/fr\/\" \/>\n<meta property=\"og:site_name\" content=\"Projet Sanlo aux Philippines\" \/>\n<meta property=\"article:modified_time\" content=\"2026-03-18T08:48:04+00:00\" \/>\n<meta property=\"og:image\" content=\"https:\/\/sanlo-project.chemin-neuf.org\/wp-content\/uploads\/2026\/03\/IMG_2504-scaled.jpeg\" \/>\n\t<meta property=\"og:image:width\" content=\"1920\" \/>\n\t<meta property=\"og:image:height\" content=\"2560\" \/>\n\t<meta property=\"og:image:type\" content=\"image\/jpeg\" \/>\n<meta name=\"twitter:card\" content=\"summary_large_image\" \/>\n<meta name=\"twitter:label1\" content=\"Dur\u00e9e de lecture est.\" \/>\n\t<meta name=\"twitter:data1\" content=\"1 minute\" \/>\n<script type=\"application\/ld+json\" class=\"yoast-schema-graph\">{\"@context\":\"https:\\\/\\\/schema.org\",\"@graph\":[{\"@type\":\"WebPage\",\"@id\":\"https:\\\/\\\/sanlo-project.chemin-neuf.org\\\/fr\\\/\",\"url\":\"https:\\\/\\\/sanlo-project.chemin-neuf.org\\\/fr\\\/\",\"name\":\"Projet San Lo Village \u00e0 Manille - Projet Sanlo aux Philippines\",\"isPartOf\":{\"@id\":\"https:\\\/\\\/sanlo-project.chemin-neuf.org\\\/fr\\\/#website\"},\"primaryImageOfPage\":{\"@id\":\"https:\\\/\\\/sanlo-project.chemin-neuf.org\\\/fr\\\/#primaryimage\"},\"image\":{\"@id\":\"https:\\\/\\\/sanlo-project.chemin-neuf.org\\\/fr\\\/#primaryimage\"},\"thumbnailUrl\":\"https:\\\/\\\/sanlo-project.chemin-neuf.org\\\/wp-content\\\/uploads\\\/2026\\\/03\\\/IMG_2504-scaled.jpeg\",\"datePublished\":\"2026-02-04T09:55:13+00:00\",\"dateModified\":\"2026-03-18T08:48:04+00:00\",\"description\":\"\u201cSanLo village\u201d rassemble des fr\u00e8res et s\u0153urs de la Communaut\u00e9 du Chemin Neuf, des \u00e9tudiants, des enfants d\u00e9favoris\u00e9s et leurs familles, et des\",\"breadcrumb\":{\"@id\":\"https:\\\/\\\/sanlo-project.chemin-neuf.org\\\/fr\\\/#breadcrumb\"},\"inLanguage\":\"fr-BE\",\"potentialAction\":[{\"@type\":\"ReadAction\",\"target\":[\"https:\\\/\\\/sanlo-project.chemin-neuf.org\\\/fr\\\/\"]}]},{\"@type\":\"ImageObject\",\"inLanguage\":\"fr-BE\",\"@id\":\"https:\\\/\\\/sanlo-project.chemin-neuf.org\\\/fr\\\/#primaryimage\",\"url\":\"https:\\\/\\\/sanlo-project.chemin-neuf.org\\\/wp-content\\\/uploads\\\/2026\\\/03\\\/IMG_2504-scaled.jpeg\",\"contentUrl\":\"https:\\\/\\\/sanlo-project.chemin-neuf.org\\\/wp-content\\\/uploads\\\/2026\\\/03\\\/IMG_2504-scaled.jpeg\",\"width\":1920,\"height\":2560},{\"@type\":\"BreadcrumbList\",\"@id\":\"https:\\\/\\\/sanlo-project.chemin-neuf.org\\\/fr\\\/#breadcrumb\",\"itemListElement\":[{\"@type\":\"ListItem\",\"position\":1,\"name\":\"Home\",\"item\":\"https:\\\/\\\/sanlo-project.chemin-neuf.org\\\/fr\\\/\"},{\"@type\":\"ListItem\",\"position\":2,\"name\":\"Projet San Lo Village \u00e0 Manille\"}]},{\"@type\":\"WebSite\",\"@id\":\"https:\\\/\\\/sanlo-project.chemin-neuf.org\\\/fr\\\/#website\",\"url\":\"https:\\\/\\\/sanlo-project.chemin-neuf.org\\\/fr\\\/\",\"name\":\"Projet Sanlo aux Philippines\",\"description\":\"Projet Sanlo aux Philippines avec la Communaut\u00e9 du Chemin Neuf\",\"potentialAction\":[{\"@type\":\"SearchAction\",\"target\":{\"@type\":\"EntryPoint\",\"urlTemplate\":\"https:\\\/\\\/sanlo-project.chemin-neuf.org\\\/fr\\\/?s={search_term_string}\"},\"query-input\":{\"@type\":\"PropertyValueSpecification\",\"valueRequired\":true,\"valueName\":\"search_term_string\"}}],\"inLanguage\":\"fr-BE\"}]}<\/script>\n<!-- \/ Yoast SEO plugin. -->","yoast_head_json":{"title":"Projet San Lo Village \u00e0 Manille - Projet Sanlo aux Philippines","description":"\u201cSanLo village\u201d rassemble des fr\u00e8res et s\u0153urs de la Communaut\u00e9 du Chemin Neuf, des \u00e9tudiants, des enfants d\u00e9favoris\u00e9s et leurs familles, et des","robots":{"index":"index","follow":"follow","max-snippet":"max-snippet:-1","max-image-preview":"max-image-preview:large","max-video-preview":"max-video-preview:-1"},"canonical":"https:\/\/sanlo-project.chemin-neuf.org\/fr\/","og_locale":"fr_FR","og_type":"article","og_title":"Projet San Lo Village \u00e0 Manille - Projet Sanlo aux Philippines","og_description":"\u201cSanLo village\u201d rassemble des fr\u00e8res et s\u0153urs de la Communaut\u00e9 du Chemin Neuf, des \u00e9tudiants, des enfants d\u00e9favoris\u00e9s et leurs familles, et des","og_url":"https:\/\/sanlo-project.chemin-neuf.org\/fr\/","og_site_name":"Projet Sanlo aux Philippines","article_modified_time":"2026-03-18T08:48:04+00:00","og_image":[{"width":1920,"height":2560,"url":"https:\/\/sanlo-project.chemin-neuf.org\/wp-content\/uploads\/2026\/03\/IMG_2504-scaled.jpeg","type":"image\/jpeg"}],"twitter_card":"summary_large_image","twitter_misc":{"Dur\u00e9e de lecture est.":"1 minute"},"schema":{"@context":"https:\/\/schema.org","@graph":[{"@type":"WebPage","@id":"https:\/\/sanlo-project.chemin-neuf.org\/fr\/","url":"https:\/\/sanlo-project.chemin-neuf.org\/fr\/","name":"Projet San Lo Village \u00e0 Manille - Projet Sanlo aux Philippines","isPartOf":{"@id":"https:\/\/sanlo-project.chemin-neuf.org\/fr\/#website"},"primaryImageOfPage":{"@id":"https:\/\/sanlo-project.chemin-neuf.org\/fr\/#primaryimage"},"image":{"@id":"https:\/\/sanlo-project.chemin-neuf.org\/fr\/#primaryimage"},"thumbnailUrl":"https:\/\/sanlo-project.chemin-neuf.org\/wp-content\/uploads\/2026\/03\/IMG_2504-scaled.jpeg","datePublished":"2026-02-04T09:55:13+00:00","dateModified":"2026-03-18T08:48:04+00:00","description":"\u201cSanLo village\u201d rassemble des fr\u00e8res et s\u0153urs de la Communaut\u00e9 du Chemin Neuf, des \u00e9tudiants, des enfants d\u00e9favoris\u00e9s et leurs familles, et des","breadcrumb":{"@id":"https:\/\/sanlo-project.chemin-neuf.org\/fr\/#breadcrumb"},"inLanguage":"fr-BE","potentialAction":[{"@type":"ReadAction","target":["https:\/\/sanlo-project.chemin-neuf.org\/fr\/"]}]},{"@type":"ImageObject","inLanguage":"fr-BE","@id":"https:\/\/sanlo-project.chemin-neuf.org\/fr\/#primaryimage","url":"https:\/\/sanlo-project.chemin-neuf.org\/wp-content\/uploads\/2026\/03\/IMG_2504-scaled.jpeg","contentUrl":"https:\/\/sanlo-project.chemin-neuf.org\/wp-content\/uploads\/2026\/03\/IMG_2504-scaled.jpeg","width":1920,"height":2560},{"@type":"BreadcrumbList","@id":"https:\/\/sanlo-project.chemin-neuf.org\/fr\/#breadcrumb","itemListElement":[{"@type":"ListItem","position":1,"name":"Home","item":"https:\/\/sanlo-project.chemin-neuf.org\/fr\/"},{"@type":"ListItem","position":2,"name":"Projet San Lo Village \u00e0 Manille"}]},{"@type":"WebSite","@id":"https:\/\/sanlo-project.chemin-neuf.org\/fr\/#website","url":"https:\/\/sanlo-project.chemin-neuf.org\/fr\/","name":"Projet Sanlo aux Philippines","description":"Projet Sanlo aux Philippines avec la Communaut\u00e9 du Chemin Neuf","potentialAction":[{"@type":"SearchAction","target":{"@type":"EntryPoint","urlTemplate":"https:\/\/sanlo-project.chemin-neuf.org\/fr\/?s={search_term_string}"},"query-input":{"@type":"PropertyValueSpecification","valueRequired":true,"valueName":"search_term_string"}}],"inLanguage":"fr-BE"}]}},"_links":{"self":[{"href":"https:\/\/sanlo-project.chemin-neuf.org\/fr\/wp-json\/wp\/v2\/pages\/81142","targetHints":{"allow":["GET"]}}],"collection":[{"href":"https:\/\/sanlo-project.chemin-neuf.org\/fr\/wp-json\/wp\/v2\/pages"}],"about":[{"href":"https:\/\/sanlo-project.chemin-neuf.org\/fr\/wp-json\/wp\/v2\/types\/page"}],"author":[{"embeddable":true,"href":"https:\/\/sanlo-project.chemin-neuf.org\/fr\/wp-json\/wp\/v2\/users\/12"}],"replies":[{"embeddable":true,"href":"https:\/\/sanlo-project.chemin-neuf.org\/fr\/wp-json\/wp\/v2\/comments?post=81142"}],"version-history":[{"count":22,"href":"https:\/\/sanlo-project.chemin-neuf.org\/fr\/wp-json\/wp\/v2\/pages\/81142\/revisions"}],"predecessor-version":[{"id":83295,"href":"https:\/\/sanlo-project.chemin-neuf.org\/fr\/wp-json\/wp\/v2\/pages\/81142\/revisions\/83295"}],"wp:featuredmedia":[{"embeddable":true,"href":"https:\/\/sanlo-project.chemin-neuf.org\/fr\/wp-json\/wp\/v2\/media\/82510"}],"wp:attachment":[{"href":"https:\/\/sanlo-project.chemin-neuf.org\/fr\/wp-json\/wp\/v2\/media?parent=81142"}],"curies":[{"name":"wp","href":"https:\/\/api.w.org\/{rel}","templated":true}]}}